{"id":2530,"date":"2022-06-03T12:14:00","date_gmt":"2022-06-03T12:14:00","guid":{"rendered":"https:\/\/cormenpolska.pl\/?post_type=product&#038;p=2530"},"modified":"2023-03-06T17:57:19","modified_gmt":"2023-03-06T17:57:19","slug":"odtykacz-do-zlewu","status":"publish","type":"product","link":"https:\/\/cormenpolska.pl\/?product=odtykacz-do-zlewu","title":{"rendered":"ODTYKACZ DO ZLEWU"},"content":{"rendered":"<p>Mechanicznie i skutecznie przywraca dro\u017cno\u015b\u0107 rur.<\/p>\n","protected":false},"excerpt":{"rendered":"<p>Mechanicznie i skutecznie przywraca dro\u017cno\u015b\u0107 rur.<\/p>\n","protected":false},"featured_media":2528,"comment_status":"closed","ping_status":"closed","template":"","meta":{"inline_featured_image":false},"product_brand":[],"product_cat":[167],"product_tag":[],"class_list":{"0":"post-2530","1":"product","2":"type-product","3":"status-publish","4":"has-post-thumbnail","6":"product_cat-inne","8":"first","9":"instock","10":"taxable","11":"shipping-taxable","12":"purchasable","13":"product-type-simple"},"_links":{"self":[{"href":"https:\/\/cormenpolska.pl\/index.php?rest_route=\/wp\/v2\/product\/2530","targetHints":{"allow":["GET"]}}],"collection":[{"href":"https:\/\/cormenpolska.pl\/index.php?rest_route=\/wp\/v2\/product"}],"about":[{"href":"https:\/\/cormenpolska.pl\/index.php?rest_route=\/wp\/v2\/types\/product"}],"replies":[{"embeddable":true,"href":"https:\/\/cormenpolska.pl\/index.php?rest_route=%2Fwp%2Fv2%2Fcomments&post=2530"}],"wp:featuredmedia":[{"embeddable":true,"href":"https:\/\/cormenpolska.pl\/index.php?rest_route=\/wp\/v2\/media\/2528"}],"wp:attachment":[{"href":"https:\/\/cormenpolska.pl\/index.php?rest_route=%2Fwp%2Fv2%2Fmedia&parent=2530"}],"wp:term":[{"taxonomy":"product_brand","embeddable":true,"href":"https:\/\/cormenpolska.pl\/index.php?rest_route=%2Fwp%2Fv2%2Fproduct_brand&post=2530"},{"taxonomy":"product_cat","embeddable":true,"href":"https:\/\/cormenpolska.pl\/index.php?rest_route=%2Fwp%2Fv2%2Fproduct_cat&post=2530"},{"taxonomy":"product_tag","embeddable":true,"href":"https:\/\/cormenpolska.pl\/index.php?rest_route=%2Fwp%2Fv2%2Fproduct_tag&post=2530"}],"curies":[{"name":"wp","href":"https:\/\/api.w.org\/{rel}","templated":true}]}}