{"id":2535,"date":"2022-06-03T12:17:33","date_gmt":"2022-06-03T12:17:33","guid":{"rendered":"https:\/\/cormenpolska.pl\/?post_type=product&#038;p=2535"},"modified":"2023-03-06T17:55:56","modified_gmt":"2023-03-06T17:55:56","slug":"szczotka-klejaca-2","status":"publish","type":"product","link":"https:\/\/cormenpolska.pl\/?product=szczotka-klejaca-2","title":{"rendered":"SZCZOTKA KLEJ\u0104CA"},"content":{"rendered":"<p>Przeznaczona jest do zbierania w\u0142os\u00f3w, py\u0142k\u00f3w, sier\u015bci z zas\u0142on, foteli, tapicerki samochodowej i wszelkich wi\u0119kszych powierzchni. Du\u017ca ilo\u015b\u0107 odrywanych listk\u00f3w to gwarancja d\u0142ugotrwa\u0142ej przydatno\u015bci szczotki. 60 listk\u00f3w.<\/p>\n","protected":false},"excerpt":{"rendered":"<p>Przeznaczona jest do zbierania w\u0142os\u00f3w, py\u0142k\u00f3w, sier\u015bci z zas\u0142on, foteli, tapicerki samochodowej i wszelkich wi\u0119kszych powierzchni. Du\u017ca ilo\u015b\u0107 odrywanych listk\u00f3w to gwarancja d\u0142ugotrwa\u0142ej przydatno\u015bci szczotki. 60 listk\u00f3w.<\/p>\n","protected":false},"featured_media":2536,"comment_status":"closed","ping_status":"closed","template":"","meta":{"inline_featured_image":false},"product_brand":[],"product_cat":[161],"product_tag":[],"class_list":{"0":"post-2535","1":"product","2":"type-product","3":"status-publish","4":"has-post-thumbnail","6":"product_cat-szczotki","8":"first","9":"instock","10":"taxable","11":"shipping-taxable","12":"purchasable","13":"product-type-simple"},"_links":{"self":[{"href":"https:\/\/cormenpolska.pl\/index.php?rest_route=\/wp\/v2\/product\/2535","targetHints":{"allow":["GET"]}}],"collection":[{"href":"https:\/\/cormenpolska.pl\/index.php?rest_route=\/wp\/v2\/product"}],"about":[{"href":"https:\/\/cormenpolska.pl\/index.php?rest_route=\/wp\/v2\/types\/product"}],"replies":[{"embeddable":true,"href":"https:\/\/cormenpolska.pl\/index.php?rest_route=%2Fwp%2Fv2%2Fcomments&post=2535"}],"wp:featuredmedia":[{"embeddable":true,"href":"https:\/\/cormenpolska.pl\/index.php?rest_route=\/wp\/v2\/media\/2536"}],"wp:attachment":[{"href":"https:\/\/cormenpolska.pl\/index.php?rest_route=%2Fwp%2Fv2%2Fmedia&parent=2535"}],"wp:term":[{"taxonomy":"product_brand","embeddable":true,"href":"https:\/\/cormenpolska.pl\/index.php?rest_route=%2Fwp%2Fv2%2Fproduct_brand&post=2535"},{"taxonomy":"product_cat","embeddable":true,"href":"https:\/\/cormenpolska.pl\/index.php?rest_route=%2Fwp%2Fv2%2Fproduct_cat&post=2535"},{"taxonomy":"product_tag","embeddable":true,"href":"https:\/\/cormenpolska.pl\/index.php?rest_route=%2Fwp%2Fv2%2Fproduct_tag&post=2535"}],"curies":[{"name":"wp","href":"https:\/\/api.w.org\/{rel}","templated":true}]}}