{"id":2539,"date":"2022-06-03T12:19:52","date_gmt":"2022-06-03T12:19:52","guid":{"rendered":"https:\/\/cormenpolska.pl\/?post_type=product&#038;p=2539"},"modified":"2023-03-06T17:55:26","modified_gmt":"2023-03-06T17:55:26","slug":"szczotka-klejaca-3","status":"publish","type":"product","link":"https:\/\/cormenpolska.pl\/?product=szczotka-klejaca-3","title":{"rendered":"SZCZOTKA KLEJ\u0104CA na d\u0142ugiej r\u0105czce 110 listk\u00f3w"},"content":{"rendered":"<p>Szczotka na d\u0142ugiej r\u0105czce zapewnia wygodne u\u017cycie. Przeznaczona jest do zbierania w\u0142os\u00f3w, py\u0142k\u00f3w, sier\u015bci z zas\u0142on, foteli, tapicerki samochodowej i wszelkich wi\u0119kszych powierzchni. Du\u017ca ilo\u015b\u0107 odrywanych listk\u00f3w to gwarancja d\u0142ugotrwa\u0142ej przydatno\u015bci szczotki. 110 listk\u00f3w.<\/p>\n","protected":false},"excerpt":{"rendered":"<p>Szczotka na d\u0142ugiej r\u0105czce zapewnia wygodne u\u017cycie. Przeznaczona jest do zbierania w\u0142os\u00f3w, py\u0142k\u00f3w, sier\u015bci z zas\u0142on, foteli, tapicerki samochodowej i wszelkich wi\u0119kszych powierzchni. Du\u017ca ilo\u015b\u0107 odrywanych listk\u00f3w to gwarancja d\u0142ugotrwa\u0142ej przydatno\u015bci szczotki. 110 listk\u00f3w.<\/p>\n","protected":false},"featured_media":2540,"comment_status":"closed","ping_status":"closed","template":"","meta":{"inline_featured_image":false},"product_brand":[],"product_cat":[161],"product_tag":[],"class_list":{"0":"post-2539","1":"product","2":"type-product","3":"status-publish","4":"has-post-thumbnail","6":"product_cat-szczotki","8":"first","9":"instock","10":"taxable","11":"shipping-taxable","12":"purchasable","13":"product-type-simple"},"_links":{"self":[{"href":"https:\/\/cormenpolska.pl\/index.php?rest_route=\/wp\/v2\/product\/2539","targetHints":{"allow":["GET"]}}],"collection":[{"href":"https:\/\/cormenpolska.pl\/index.php?rest_route=\/wp\/v2\/product"}],"about":[{"href":"https:\/\/cormenpolska.pl\/index.php?rest_route=\/wp\/v2\/types\/product"}],"replies":[{"embeddable":true,"href":"https:\/\/cormenpolska.pl\/index.php?rest_route=%2Fwp%2Fv2%2Fcomments&post=2539"}],"wp:featuredmedia":[{"embeddable":true,"href":"https:\/\/cormenpolska.pl\/index.php?rest_route=\/wp\/v2\/media\/2540"}],"wp:attachment":[{"href":"https:\/\/cormenpolska.pl\/index.php?rest_route=%2Fwp%2Fv2%2Fmedia&parent=2539"}],"wp:term":[{"taxonomy":"product_brand","embeddable":true,"href":"https:\/\/cormenpolska.pl\/index.php?rest_route=%2Fwp%2Fv2%2Fproduct_brand&post=2539"},{"taxonomy":"product_cat","embeddable":true,"href":"https:\/\/cormenpolska.pl\/index.php?rest_route=%2Fwp%2Fv2%2Fproduct_cat&post=2539"},{"taxonomy":"product_tag","embeddable":true,"href":"https:\/\/cormenpolska.pl\/index.php?rest_route=%2Fwp%2Fv2%2Fproduct_tag&post=2539"}],"curies":[{"name":"wp","href":"https:\/\/api.w.org\/{rel}","templated":true}]}}