{"id":2545,"date":"2022-06-03T12:22:23","date_gmt":"2022-06-03T12:22:23","guid":{"rendered":"https:\/\/cormenpolska.pl\/?post_type=product&#038;p=2545"},"modified":"2023-03-06T17:52:03","modified_gmt":"2023-03-06T17:52:03","slug":"szczotka-klejaca-z-oslonka","status":"publish","type":"product","link":"https:\/\/cormenpolska.pl\/?product=szczotka-klejaca-z-oslonka","title":{"rendered":"SZCZOTKA KLEJ\u0104CA Z OS\u0141ONK\u0104"},"content":{"rendered":"<p>Przeznaczona do zbierania w\u0142os\u00f3w, py\u0142k\u00f3w i sier\u015bci z ubra\u0144. Os\u0142onka umo\u017cliwia wygodne przechowywanie i transport. 60 listk\u00f3w.<\/p>\n","protected":false},"excerpt":{"rendered":"<p>Przeznaczona do zbierania w\u0142os\u00f3w, py\u0142k\u00f3w i sier\u015bci z ubra\u0144. Os\u0142onka umo\u017cliwia wygodne przechowywanie i transport. 60 listk\u00f3w.<\/p>\n","protected":false},"featured_media":2544,"comment_status":"closed","ping_status":"closed","template":"","meta":{"inline_featured_image":false},"product_brand":[],"product_cat":[161],"product_tag":[],"class_list":{"0":"post-2545","1":"product","2":"type-product","3":"status-publish","4":"has-post-thumbnail","6":"product_cat-szczotki","8":"first","9":"instock","10":"taxable","11":"shipping-taxable","12":"purchasable","13":"product-type-simple"},"_links":{"self":[{"href":"https:\/\/cormenpolska.pl\/index.php?rest_route=\/wp\/v2\/product\/2545","targetHints":{"allow":["GET"]}}],"collection":[{"href":"https:\/\/cormenpolska.pl\/index.php?rest_route=\/wp\/v2\/product"}],"about":[{"href":"https:\/\/cormenpolska.pl\/index.php?rest_route=\/wp\/v2\/types\/product"}],"replies":[{"embeddable":true,"href":"https:\/\/cormenpolska.pl\/index.php?rest_route=%2Fwp%2Fv2%2Fcomments&post=2545"}],"wp:featuredmedia":[{"embeddable":true,"href":"https:\/\/cormenpolska.pl\/index.php?rest_route=\/wp\/v2\/media\/2544"}],"wp:attachment":[{"href":"https:\/\/cormenpolska.pl\/index.php?rest_route=%2Fwp%2Fv2%2Fmedia&parent=2545"}],"wp:term":[{"taxonomy":"product_brand","embeddable":true,"href":"https:\/\/cormenpolska.pl\/index.php?rest_route=%2Fwp%2Fv2%2Fproduct_brand&post=2545"},{"taxonomy":"product_cat","embeddable":true,"href":"https:\/\/cormenpolska.pl\/index.php?rest_route=%2Fwp%2Fv2%2Fproduct_cat&post=2545"},{"taxonomy":"product_tag","embeddable":true,"href":"https:\/\/cormenpolska.pl\/index.php?rest_route=%2Fwp%2Fv2%2Fproduct_tag&post=2545"}],"curies":[{"name":"wp","href":"https:\/\/api.w.org\/{rel}","templated":true}]}}