{"id":2546,"date":"2022-06-03T12:23:08","date_gmt":"2022-06-03T12:23:08","guid":{"rendered":"https:\/\/cormenpolska.pl\/?post_type=product&#038;p=2546"},"modified":"2022-09-06T09:56:03","modified_gmt":"2022-09-06T09:56:03","slug":"kauczukowa-szczotka-do-usuwania-zanieczyszczen-z-powierzchni-tekstylnych","status":"publish","type":"product","link":"https:\/\/cormenpolska.pl\/?product=kauczukowa-szczotka-do-usuwania-zanieczyszczen-z-powierzchni-tekstylnych","title":{"rendered":"Kauczukowa szczotka do usuwania zanieczyszcze\u0144 z powierzchni tekstylnych"},"content":{"rendered":"<p>Kauczukowa szczotka do usuwania zanieczyszcze\u0144 z powierzchni tekstylnych. Jest elektrostatyczna, dzi\u0119ki czemu przyci\u0105ga drobinki kurzu, sier\u015bci i py\u0142u. Wykonana jest z naturalnego kauczuku, dzi\u0119ki czemu mo\u017cna j\u0105 my\u0107 pod bie\u017c\u0105c\u0105 wod\u0105.<\/p>\n","protected":false},"excerpt":{"rendered":"<p>Kauczukowa szczotka do usuwania zanieczyszcze\u0144 z powierzchni tekstylnych. Jest elektrostatyczna, dzi\u0119ki czemu przyci\u0105ga drobinki kurzu, sier\u015bci i py\u0142u. Wykonana jest z naturalnego kauczuku, dzi\u0119ki czemu mo\u017cna j\u0105 my\u0107 pod bie\u017c\u0105c\u0105 wod\u0105.<\/p>\n","protected":false},"featured_media":2547,"comment_status":"closed","ping_status":"closed","template":"","meta":{"inline_featured_image":false},"product_brand":[],"product_cat":[161],"product_tag":[],"class_list":{"0":"post-2546","1":"product","2":"type-product","3":"status-publish","4":"has-post-thumbnail","6":"product_cat-szczotki","8":"first","9":"instock","10":"taxable","11":"shipping-taxable","12":"purchasable","13":"product-type-simple"},"_links":{"self":[{"href":"https:\/\/cormenpolska.pl\/index.php?rest_route=\/wp\/v2\/product\/2546","targetHints":{"allow":["GET"]}}],"collection":[{"href":"https:\/\/cormenpolska.pl\/index.php?rest_route=\/wp\/v2\/product"}],"about":[{"href":"https:\/\/cormenpolska.pl\/index.php?rest_route=\/wp\/v2\/types\/product"}],"replies":[{"embeddable":true,"href":"https:\/\/cormenpolska.pl\/index.php?rest_route=%2Fwp%2Fv2%2Fcomments&post=2546"}],"wp:featuredmedia":[{"embeddable":true,"href":"https:\/\/cormenpolska.pl\/index.php?rest_route=\/wp\/v2\/media\/2547"}],"wp:attachment":[{"href":"https:\/\/cormenpolska.pl\/index.php?rest_route=%2Fwp%2Fv2%2Fmedia&parent=2546"}],"wp:term":[{"taxonomy":"product_brand","embeddable":true,"href":"https:\/\/cormenpolska.pl\/index.php?rest_route=%2Fwp%2Fv2%2Fproduct_brand&post=2546"},{"taxonomy":"product_cat","embeddable":true,"href":"https:\/\/cormenpolska.pl\/index.php?rest_route=%2Fwp%2Fv2%2Fproduct_cat&post=2546"},{"taxonomy":"product_tag","embeddable":true,"href":"https:\/\/cormenpolska.pl\/index.php?rest_route=%2Fwp%2Fv2%2Fproduct_tag&post=2546"}],"curies":[{"name":"wp","href":"https:\/\/api.w.org\/{rel}","templated":true}]}}