{"id":2756,"date":"2022-09-25T09:45:23","date_gmt":"2022-09-25T09:45:23","guid":{"rendered":"https:\/\/cormenpolska.pl\/?post_type=product&#038;p=2756"},"modified":"2024-03-13T18:12:34","modified_gmt":"2024-03-13T18:12:34","slug":"alcovirex-1l-tenzi-dezynfekcja-d-rak-i-powierzchni-alc-70","status":"publish","type":"product","link":"https:\/\/cormenpolska.pl\/?product=alcovirex-1l-tenzi-dezynfekcja-d-rak-i-powierzchni-alc-70","title":{"rendered":"ALCOVIREX 1l Tenzi Dezynfekcja d r\u0105k i powierzchni Alc.70%"},"content":{"rendered":"<div>Oryginalny wirusob\u00f3jczy p\u0142yn do dezynfekcji, 70% alkoholu<\/div>\n<div>\n<p>P\u0142yn do dezynfekcji r\u0105k oraz powierzchni, materia\u0142o\u0301w, sprze\u0328tu o dzia\u0142aniu wirusobo\u0301jczym. Produkt do czyszczenia powierzchni metalowych, laminowanych, szklanych, ceramicznych, klamek, pore\u0328czy, uchwyto\u0301w, urza\u0328dzen\u0301 biurowych, telefono\u0301w komo\u0301rkowych, terminali p\u0142atniczych, itp.<\/p>\n<h4><strong>ZASTOSOWANIE<\/strong><\/h4>\n<ul>\n<li>dezynfekcja r\u0105k<\/li>\n<li>dezynfekcja powierzchni metalowych, laminowanych, szklanych, ceramicznych, takich jak: klamki, pore\u0328cze, uchwyty, urz\u0105dzenia biurowe, telefony komo\u0301rkowe, terminale p\u0142atnicze, itp.<\/li>\n<\/ul>\n<\/div>\n","protected":false},"excerpt":{"rendered":"<p>Oryginalny wirusob\u00f3jczy p\u0142yn do dezynfekcji, 70% alkoholu P\u0142yn do dezynfekcji r\u0105k oraz powierzchni, materia\u0142o\u0301w, sprze\u0328tu o dzia\u0142aniu wirusobo\u0301jczym. Produkt do czyszczenia powierzchni metalowych, laminowanych, szklanych, ceramicznych, klamek, pore\u0328czy, uchwyto\u0301w, urza\u0328dzen\u0301 biurowych, telefono\u0301w komo\u0301rkowych, terminali p\u0142atniczych, itp. ZASTOSOWANIE dezynfekcja r\u0105k dezynfekcja &hellip; <a class=\"kt-excerpt-readmore more-link\" href=\"https:\/\/cormenpolska.pl\/?product=alcovirex-1l-tenzi-dezynfekcja-d-rak-i-powierzchni-alc-70\">Czytaj wi\u0119cej<\/a><\/p>\n","protected":false},"featured_media":2763,"comment_status":"closed","ping_status":"closed","template":"","meta":{"inline_featured_image":false},"product_brand":[],"product_cat":[128,127],"product_tag":[],"class_list":{"0":"post-2756","1":"product","2":"type-product","3":"status-publish","4":"has-post-thumbnail","6":"product_cat-dezynfekcja-powierzchni","7":"product_cat-dezynfekcja-rak","9":"first","10":"instock","11":"taxable","12":"shipping-taxable","13":"purchasable","14":"product-type-simple"},"_links":{"self":[{"href":"https:\/\/cormenpolska.pl\/index.php?rest_route=\/wp\/v2\/product\/2756","targetHints":{"allow":["GET"]}}],"collection":[{"href":"https:\/\/cormenpolska.pl\/index.php?rest_route=\/wp\/v2\/product"}],"about":[{"href":"https:\/\/cormenpolska.pl\/index.php?rest_route=\/wp\/v2\/types\/product"}],"replies":[{"embeddable":true,"href":"https:\/\/cormenpolska.pl\/index.php?rest_route=%2Fwp%2Fv2%2Fcomments&post=2756"}],"wp:featuredmedia":[{"embeddable":true,"href":"https:\/\/cormenpolska.pl\/index.php?rest_route=\/wp\/v2\/media\/2763"}],"wp:attachment":[{"href":"https:\/\/cormenpolska.pl\/index.php?rest_route=%2Fwp%2Fv2%2Fmedia&parent=2756"}],"wp:term":[{"taxonomy":"product_brand","embeddable":true,"href":"https:\/\/cormenpolska.pl\/index.php?rest_route=%2Fwp%2Fv2%2Fproduct_brand&post=2756"},{"taxonomy":"product_cat","embeddable":true,"href":"https:\/\/cormenpolska.pl\/index.php?rest_route=%2Fwp%2Fv2%2Fproduct_cat&post=2756"},{"taxonomy":"product_tag","embeddable":true,"href":"https:\/\/cormenpolska.pl\/index.php?rest_route=%2Fwp%2Fv2%2Fproduct_tag&post=2756"}],"curies":[{"name":"wp","href":"https:\/\/api.w.org\/{rel}","templated":true}]}}