{"id":2773,"date":"2022-09-25T10:45:35","date_gmt":"2022-09-25T10:45:35","guid":{"rendered":"https:\/\/cormenpolska.pl\/?post_type=product&#038;p=2773"},"modified":"2024-01-17T13:22:50","modified_gmt":"2024-01-17T13:22:50","slug":"recznik-w-roli-mini-50","status":"publish","type":"product","link":"https:\/\/cormenpolska.pl\/?product=recznik-w-roli-mini-50","title":{"rendered":"R\u0119cznik w roli MINI 50mb 2w 12 rolek"},"content":{"rendered":"<p>VIPpaper r\u0119cznik w roli MINI 50 Bia\u0142y r\u0119cznik celulozowy, dwuwarstwowy z systemem centralnego dozowania \u2013 do dozownika.<\/p>\n<p>Dzi\u0119ki perforacji nadaje si\u0119 r\u00f3wnie\u017c na stojaki nablatowe jak i do wieszak\u00f3w na r\u0119czniki.<\/p>\n<p>Opakowanie: 12 rolek<\/p>\n","protected":false},"excerpt":{"rendered":"<p>VIPpaper r\u0119cznik w roli MINI 50 Bia\u0142y r\u0119cznik celulozowy, dwuwarstwowy z systemem centralnego dozowania \u2013 do dozownika. Dzi\u0119ki perforacji nadaje si\u0119 r\u00f3wnie\u017c na stojaki nablatowe jak i do wieszak\u00f3w na r\u0119czniki. Opakowanie: 12 rolek<\/p>\n","protected":false},"featured_media":2774,"comment_status":"closed","ping_status":"closed","template":"","meta":{"inline_featured_image":false},"product_brand":[],"product_cat":[147],"product_tag":[],"class_list":{"0":"post-2773","1":"product","2":"type-product","3":"status-publish","4":"has-post-thumbnail","6":"product_cat-reczniki-papierowe","8":"first","9":"instock","10":"taxable","11":"shipping-taxable","12":"purchasable","13":"product-type-simple"},"_links":{"self":[{"href":"https:\/\/cormenpolska.pl\/index.php?rest_route=\/wp\/v2\/product\/2773","targetHints":{"allow":["GET"]}}],"collection":[{"href":"https:\/\/cormenpolska.pl\/index.php?rest_route=\/wp\/v2\/product"}],"about":[{"href":"https:\/\/cormenpolska.pl\/index.php?rest_route=\/wp\/v2\/types\/product"}],"replies":[{"embeddable":true,"href":"https:\/\/cormenpolska.pl\/index.php?rest_route=%2Fwp%2Fv2%2Fcomments&post=2773"}],"wp:featuredmedia":[{"embeddable":true,"href":"https:\/\/cormenpolska.pl\/index.php?rest_route=\/wp\/v2\/media\/2774"}],"wp:attachment":[{"href":"https:\/\/cormenpolska.pl\/index.php?rest_route=%2Fwp%2Fv2%2Fmedia&parent=2773"}],"wp:term":[{"taxonomy":"product_brand","embeddable":true,"href":"https:\/\/cormenpolska.pl\/index.php?rest_route=%2Fwp%2Fv2%2Fproduct_brand&post=2773"},{"taxonomy":"product_cat","embeddable":true,"href":"https:\/\/cormenpolska.pl\/index.php?rest_route=%2Fwp%2Fv2%2Fproduct_cat&post=2773"},{"taxonomy":"product_tag","embeddable":true,"href":"https:\/\/cormenpolska.pl\/index.php?rest_route=%2Fwp%2Fv2%2Fproduct_tag&post=2773"}],"curies":[{"name":"wp","href":"https:\/\/api.w.org\/{rel}","templated":true}]}}