{"id":2776,"date":"2022-09-25T10:57:11","date_gmt":"2022-09-25T10:57:11","guid":{"rendered":"https:\/\/cormenpolska.pl\/?post_type=product&#038;p=2776"},"modified":"2024-01-17T13:24:10","modified_gmt":"2024-01-17T13:24:10","slug":"recznik-w-roli-automatic-120-do-systemow","status":"publish","type":"product","link":"https:\/\/cormenpolska.pl\/?product=recznik-w-roli-automatic-120-do-systemow","title":{"rendered":"R\u0119cznik w roli AUTOMATIC 120 do system\u00f3w"},"content":{"rendered":"<p>R\u0119cznik w roli AUTOMATIC 120 do dozownik\u00f3w z systemem AUTOCUT o wysoko\u015bci 20 cm i d\u0142ugo\u015bci 120 metr\u00f3w<\/p>\n<p>Wykonany z dwuwarstwowej, bia\u0142ej celulozy.<\/p>\n","protected":false},"excerpt":{"rendered":"<p>R\u0119cznik w roli AUTOMATIC 120 do dozownik\u00f3w z systemem AUTOCUT o wysoko\u015bci 20 cm i d\u0142ugo\u015bci 120 metr\u00f3w Wykonany z dwuwarstwowej, bia\u0142ej celulozy.<\/p>\n","protected":false},"featured_media":2777,"comment_status":"closed","ping_status":"closed","template":"","meta":{"inline_featured_image":false},"product_brand":[],"product_cat":[147],"product_tag":[],"class_list":{"0":"post-2776","1":"product","2":"type-product","3":"status-publish","4":"has-post-thumbnail","6":"product_cat-reczniki-papierowe","8":"first","9":"instock","10":"taxable","11":"shipping-taxable","12":"purchasable","13":"product-type-simple"},"_links":{"self":[{"href":"https:\/\/cormenpolska.pl\/index.php?rest_route=\/wp\/v2\/product\/2776","targetHints":{"allow":["GET"]}}],"collection":[{"href":"https:\/\/cormenpolska.pl\/index.php?rest_route=\/wp\/v2\/product"}],"about":[{"href":"https:\/\/cormenpolska.pl\/index.php?rest_route=\/wp\/v2\/types\/product"}],"replies":[{"embeddable":true,"href":"https:\/\/cormenpolska.pl\/index.php?rest_route=%2Fwp%2Fv2%2Fcomments&post=2776"}],"wp:featuredmedia":[{"embeddable":true,"href":"https:\/\/cormenpolska.pl\/index.php?rest_route=\/wp\/v2\/media\/2777"}],"wp:attachment":[{"href":"https:\/\/cormenpolska.pl\/index.php?rest_route=%2Fwp%2Fv2%2Fmedia&parent=2776"}],"wp:term":[{"taxonomy":"product_brand","embeddable":true,"href":"https:\/\/cormenpolska.pl\/index.php?rest_route=%2Fwp%2Fv2%2Fproduct_brand&post=2776"},{"taxonomy":"product_cat","embeddable":true,"href":"https:\/\/cormenpolska.pl\/index.php?rest_route=%2Fwp%2Fv2%2Fproduct_cat&post=2776"},{"taxonomy":"product_tag","embeddable":true,"href":"https:\/\/cormenpolska.pl\/index.php?rest_route=%2Fwp%2Fv2%2Fproduct_tag&post=2776"}],"curies":[{"name":"wp","href":"https:\/\/api.w.org\/{rel}","templated":true}]}}