{"id":2779,"date":"2022-09-25T11:06:40","date_gmt":"2022-09-25T11:06:40","guid":{"rendered":"https:\/\/cormenpolska.pl\/?post_type=product&#038;p=2779"},"modified":"2022-09-25T11:11:15","modified_gmt":"2022-09-25T11:11:15","slug":"reczniki-zz-skladane-biale-v-fold-3000","status":"publish","type":"product","link":"https:\/\/cormenpolska.pl\/?product=reczniki-zz-skladane-biale-v-fold-3000","title":{"rendered":"R\u0119czniki ZZ sk\u0142adane bia\u0142e V-FOLD 3000"},"content":{"rendered":"<p>R\u0119czniki sk\u0142adane V-FOLD PREMIUM typu ZZ celuloza bia\u0142a.<\/p>\n<p>Bia\u0142y, dwuwarstwowy r\u0119cznik w sk\u0142adce wykonany z bia\u0142ej celulozy<\/p>\n<p>R\u0119cznik jest niezwykle ch\u0142onny oraz wytrzyma\u0142y nawet po zmoczeniu.<\/p>\n<p>Jest niezwykle mi\u0119kki i ju\u017c dwa listki wystarcz\u0105 do osuszenia r\u0105k.<\/p>\n","protected":false},"excerpt":{"rendered":"<p>R\u0119czniki sk\u0142adane V-FOLD PREMIUM typu ZZ celuloza bia\u0142a. Bia\u0142y, dwuwarstwowy r\u0119cznik w sk\u0142adce wykonany z bia\u0142ej celulozy R\u0119cznik jest niezwykle ch\u0142onny oraz wytrzyma\u0142y nawet po zmoczeniu. Jest niezwykle mi\u0119kki i ju\u017c dwa listki wystarcz\u0105 do osuszenia r\u0105k.<\/p>\n","protected":false},"featured_media":2780,"comment_status":"closed","ping_status":"closed","template":"","meta":{"inline_featured_image":false},"product_brand":[],"product_cat":[17],"product_tag":[],"class_list":{"0":"post-2779","1":"product","2":"type-product","3":"status-publish","4":"has-post-thumbnail","6":"product_cat-bez-kategorii","8":"first","9":"instock","10":"taxable","11":"shipping-taxable","12":"purchasable","13":"product-type-simple"},"_links":{"self":[{"href":"https:\/\/cormenpolska.pl\/index.php?rest_route=\/wp\/v2\/product\/2779","targetHints":{"allow":["GET"]}}],"collection":[{"href":"https:\/\/cormenpolska.pl\/index.php?rest_route=\/wp\/v2\/product"}],"about":[{"href":"https:\/\/cormenpolska.pl\/index.php?rest_route=\/wp\/v2\/types\/product"}],"replies":[{"embeddable":true,"href":"https:\/\/cormenpolska.pl\/index.php?rest_route=%2Fwp%2Fv2%2Fcomments&post=2779"}],"wp:featuredmedia":[{"embeddable":true,"href":"https:\/\/cormenpolska.pl\/index.php?rest_route=\/wp\/v2\/media\/2780"}],"wp:attachment":[{"href":"https:\/\/cormenpolska.pl\/index.php?rest_route=%2Fwp%2Fv2%2Fmedia&parent=2779"}],"wp:term":[{"taxonomy":"product_brand","embeddable":true,"href":"https:\/\/cormenpolska.pl\/index.php?rest_route=%2Fwp%2Fv2%2Fproduct_brand&post=2779"},{"taxonomy":"product_cat","embeddable":true,"href":"https:\/\/cormenpolska.pl\/index.php?rest_route=%2Fwp%2Fv2%2Fproduct_cat&post=2779"},{"taxonomy":"product_tag","embeddable":true,"href":"https:\/\/cormenpolska.pl\/index.php?rest_route=%2Fwp%2Fv2%2Fproduct_tag&post=2779"}],"curies":[{"name":"wp","href":"https:\/\/api.w.org\/{rel}","templated":true}]}}