{"id":2782,"date":"2022-09-25T11:17:59","date_gmt":"2022-09-25T11:17:59","guid":{"rendered":"https:\/\/cormenpolska.pl\/?post_type=product&#038;p=2782"},"modified":"2022-09-25T11:18:00","modified_gmt":"2022-09-25T11:18:00","slug":"papier-toaletowy-w-malej-rolce-198-m-celuloza-2-warstwy-opak-64-szt-papernet-409742","status":"publish","type":"product","link":"https:\/\/cormenpolska.pl\/?product=papier-toaletowy-w-malej-rolce-198-m-celuloza-2-warstwy-opak-64-szt-papernet-409742","title":{"rendered":"Papier toaletowy w ma\u0142ej rolce 19,8 m celuloza 2 warstwy opak. 64 szt. Papernet 409742"},"content":{"rendered":"<p>Popularny, dobry jako\u015bciowo papier toaletowy w ma\u0142ej rolce, dost\u0119pny w korzystnej cenie. Wykonany jest z dwuwarstwowej celulozy, ma zadowalaj\u0105c\u0105 wytrzyma\u0142o\u015b\u0107. Jest mi\u0119kki, przyjemny w dotyku. Sprawdzi si\u0119 w ka\u017cdej toalecie. Nadaje si\u0119 do wi\u0119kszo\u015bci pojemnik\u00f3w i uchwyt\u00f3w dost\u0119pnych na rynku.<\/p>\n<p>W opakowaniu zbiorczym znajduj\u0105 si\u0119 64 rolki papieru toaletowego Papernet 409742. D\u0142ugo\u015b\u0107 papieru w rolce to 19,8 m.<\/p>\n","protected":false},"excerpt":{"rendered":"<p>Popularny, dobry jako\u015bciowo papier toaletowy w ma\u0142ej rolce, dost\u0119pny w korzystnej cenie. Wykonany jest z dwuwarstwowej celulozy, ma zadowalaj\u0105c\u0105 wytrzyma\u0142o\u015b\u0107. Jest mi\u0119kki, przyjemny w dotyku. Sprawdzi si\u0119 w ka\u017cdej toalecie. Nadaje si\u0119 do wi\u0119kszo\u015bci pojemnik\u00f3w i uchwyt\u00f3w dost\u0119pnych na rynku. &hellip; <a class=\"kt-excerpt-readmore more-link\" href=\"https:\/\/cormenpolska.pl\/?product=papier-toaletowy-w-malej-rolce-198-m-celuloza-2-warstwy-opak-64-szt-papernet-409742\">Czytaj wi\u0119cej<\/a><\/p>\n","protected":false},"featured_media":2783,"comment_status":"closed","ping_status":"closed","template":"","meta":{"inline_featured_image":false},"product_brand":[],"product_cat":[148],"product_tag":[],"class_list":{"0":"post-2782","1":"product","2":"type-product","3":"status-publish","4":"has-post-thumbnail","6":"product_cat-papiery-toaletowe","8":"first","9":"instock","10":"taxable","11":"shipping-taxable","12":"purchasable","13":"product-type-simple"},"_links":{"self":[{"href":"https:\/\/cormenpolska.pl\/index.php?rest_route=\/wp\/v2\/product\/2782","targetHints":{"allow":["GET"]}}],"collection":[{"href":"https:\/\/cormenpolska.pl\/index.php?rest_route=\/wp\/v2\/product"}],"about":[{"href":"https:\/\/cormenpolska.pl\/index.php?rest_route=\/wp\/v2\/types\/product"}],"replies":[{"embeddable":true,"href":"https:\/\/cormenpolska.pl\/index.php?rest_route=%2Fwp%2Fv2%2Fcomments&post=2782"}],"wp:featuredmedia":[{"embeddable":true,"href":"https:\/\/cormenpolska.pl\/index.php?rest_route=\/wp\/v2\/media\/2783"}],"wp:attachment":[{"href":"https:\/\/cormenpolska.pl\/index.php?rest_route=%2Fwp%2Fv2%2Fmedia&parent=2782"}],"wp:term":[{"taxonomy":"product_brand","embeddable":true,"href":"https:\/\/cormenpolska.pl\/index.php?rest_route=%2Fwp%2Fv2%2Fproduct_brand&post=2782"},{"taxonomy":"product_cat","embeddable":true,"href":"https:\/\/cormenpolska.pl\/index.php?rest_route=%2Fwp%2Fv2%2Fproduct_cat&post=2782"},{"taxonomy":"product_tag","embeddable":true,"href":"https:\/\/cormenpolska.pl\/index.php?rest_route=%2Fwp%2Fv2%2Fproduct_tag&post=2782"}],"curies":[{"name":"wp","href":"https:\/\/api.w.org\/{rel}","templated":true}]}}