{"id":2794,"date":"2022-10-10T08:59:35","date_gmt":"2022-10-10T08:59:35","guid":{"rendered":"https:\/\/cormenpolska.pl\/?post_type=product&#038;p=2794"},"modified":"2024-08-02T12:43:29","modified_gmt":"2024-08-02T12:43:29","slug":"czysciwo-przemyslowe-celulozowe-250m-1-rolka","status":"publish","type":"product","link":"https:\/\/cormenpolska.pl\/?product=czysciwo-przemyslowe-celulozowe-250m-1-rolka","title":{"rendered":"Czy\u015bciwo przemys\u0142owe celulozowe 250m 1 rolka"},"content":{"rendered":"<p>Czy\u015bciwo przemys\u0142owe celulozowe wykonane ze 100% celulozy o d\u0142ugo\u015bci 250 metr\u00f3w, 2 warstwowe, wysoko\u015b\u0107 rolki 24cm. Cena za 1 rolk\u0119 czy\u015bciwa.<\/p>\n","protected":false},"excerpt":{"rendered":"<p>Czy\u015bciwo przemys\u0142owe celulozowe wykonane ze 100% celulozy o d\u0142ugo\u015bci 250 metr\u00f3w, 2 warstwowe, wysoko\u015b\u0107 rolki 24cm. Cena za 1 rolk\u0119 czy\u015bciwa.<\/p>\n","protected":false},"featured_media":2795,"comment_status":"closed","ping_status":"closed","template":"","meta":{"inline_featured_image":false},"product_brand":[],"product_cat":[149,147],"product_tag":[],"class_list":{"0":"post-2794","1":"product","2":"type-product","3":"status-publish","4":"has-post-thumbnail","6":"product_cat-czysciwa-celulozowe-i-wlokninowe","7":"product_cat-reczniki-papierowe","9":"first","10":"instock","11":"taxable","12":"shipping-taxable","13":"purchasable","14":"product-type-simple"},"_links":{"self":[{"href":"https:\/\/cormenpolska.pl\/index.php?rest_route=\/wp\/v2\/product\/2794","targetHints":{"allow":["GET"]}}],"collection":[{"href":"https:\/\/cormenpolska.pl\/index.php?rest_route=\/wp\/v2\/product"}],"about":[{"href":"https:\/\/cormenpolska.pl\/index.php?rest_route=\/wp\/v2\/types\/product"}],"replies":[{"embeddable":true,"href":"https:\/\/cormenpolska.pl\/index.php?rest_route=%2Fwp%2Fv2%2Fcomments&post=2794"}],"wp:featuredmedia":[{"embeddable":true,"href":"https:\/\/cormenpolska.pl\/index.php?rest_route=\/wp\/v2\/media\/2795"}],"wp:attachment":[{"href":"https:\/\/cormenpolska.pl\/index.php?rest_route=%2Fwp%2Fv2%2Fmedia&parent=2794"}],"wp:term":[{"taxonomy":"product_brand","embeddable":true,"href":"https:\/\/cormenpolska.pl\/index.php?rest_route=%2Fwp%2Fv2%2Fproduct_brand&post=2794"},{"taxonomy":"product_cat","embeddable":true,"href":"https:\/\/cormenpolska.pl\/index.php?rest_route=%2Fwp%2Fv2%2Fproduct_cat&post=2794"},{"taxonomy":"product_tag","embeddable":true,"href":"https:\/\/cormenpolska.pl\/index.php?rest_route=%2Fwp%2Fv2%2Fproduct_tag&post=2794"}],"curies":[{"name":"wp","href":"https:\/\/api.w.org\/{rel}","templated":true}]}}