{"id":2796,"date":"2022-10-10T10:28:20","date_gmt":"2022-10-10T10:28:20","guid":{"rendered":"https:\/\/cormenpolska.pl\/?post_type=product&#038;p=2796"},"modified":"2022-10-10T10:28:20","modified_gmt":"2022-10-10T10:28:20","slug":"czysciwo-przemyslowe-clean-max-32cm-175mb-bialy","status":"publish","type":"product","link":"https:\/\/cormenpolska.pl\/?product=czysciwo-przemyslowe-clean-max-32cm-175mb-bialy","title":{"rendered":"Czy\u015bciwo przemys\u0142owe Clean Max 32cm\/175mb bia\u0142y"},"content":{"rendered":"<p>Czy\u015bciwo przemys\u0142owe wielozadaniowe CLEAN Max w dotyku przypominaj\u0105ce mi\u0119kki materia\u0142 to doskona\u0142e czy\u015bciwo dla miejsc wra\u017cliwych na pylenie. Ogromnym atutem jest dziurkowana struktura, co wp\u0142ywa na ogromne zdolno\u015bci absorpcyjne.<\/p>\n<p>Wytrzyma\u0142o\u015b\u0107 czy\u015bciwa wp\u0142ywa na jego d\u0142ugotrwa\u0142e dzia\u0142anie. Dzi\u0119ki odpowiedniemu dobraniu i skomponowaniu w\u0142\u00f3kien syntetycznych nadaje si\u0119 do zastosowania w zak\u0142adach, gdzie wymagane jest zachowanie wysokiego poziomu higieny produkcji i pracy.<\/p>\n<p>Czy\u015bciwo CLEAN Max nie zawiera celulozy, przez co mo\u017ce by\u0107 wykorzystywane wielokrotnie w procesach pomocniczych utrzymania re\u017cimu technologicznego. Elastyczny materia\u0142 u\u0142atwia czyszczenie trudno dost\u0119pnych miejsc. \u015awietna alternatywa dla tradycyjnych \u015bciereczek u\u017cywanych w gospodarstwach domowych.<\/p>\n<p>&nbsp;<\/p>\n<p><strong>Czy\u015bciwo CLEAN Max<\/strong><br \/>\nbardzo mocne \u2022 idealnie wch\u0142ania i usuwa zabrudzenia \u2022 niskopylne<br \/>\nnie rysuje czyszczonej powierzchni \u2022 mi\u0119kki \u2022 dobrze wsp\u00f3\u0142pracuje z rozpuszczalnikami \u2022 odporny na bardzo wysokie temperatury \u2022 kolor bia\u0142y \u2022 atest PZH<\/p>\n<p><strong>Zastosowanie CLEAN Max<\/strong><br \/>\nlinie produkcyjne \u2022 miejsca pracy \u2022 narz\u0119dzia \u2022 przygotowanie detali<br \/>\nzachowanie higieny osobistej<\/p>\n<p><strong>Miejsce zastosowania CLEAN Max<\/strong><br \/>\nzak\u0142ady farmaceutyczne \u2022 przemys\u0142 spo\u017cywczy \u2022 przemys\u0142 medyczny<br \/>\nprzemys\u0142 elektroniczny \u2022 HoReCa \u2022 przemys\u0142 metalowy \u2022 serwis sprzat\u0105jacy<\/p>\n<h3>Specyfikacja<\/h3>\n<p><strong>Rolka:<\/strong>\u00a0175 mb \/ 448 odcink\u00f3w, 32x39cm<\/p>\n","protected":false},"excerpt":{"rendered":"<p>Czy\u015bciwo przemys\u0142owe wielozadaniowe CLEAN Max w dotyku przypominaj\u0105ce mi\u0119kki materia\u0142 to doskona\u0142e czy\u015bciwo dla miejsc wra\u017cliwych na pylenie. Ogromnym atutem jest dziurkowana struktura, co wp\u0142ywa na ogromne zdolno\u015bci absorpcyjne. Wytrzyma\u0142o\u015b\u0107 czy\u015bciwa wp\u0142ywa na jego d\u0142ugotrwa\u0142e dzia\u0142anie. Dzi\u0119ki odpowiedniemu dobraniu i &hellip; <a class=\"kt-excerpt-readmore more-link\" href=\"https:\/\/cormenpolska.pl\/?product=czysciwo-przemyslowe-clean-max-32cm-175mb-bialy\">Czytaj wi\u0119cej<\/a><\/p>\n","protected":false},"featured_media":2797,"comment_status":"closed","ping_status":"closed","template":"","meta":{"inline_featured_image":false},"product_brand":[],"product_cat":[149],"product_tag":[],"class_list":{"0":"post-2796","1":"product","2":"type-product","3":"status-publish","4":"has-post-thumbnail","6":"product_cat-czysciwa-celulozowe-i-wlokninowe","8":"first","9":"instock","10":"taxable","11":"shipping-taxable","12":"purchasable","13":"product-type-simple"},"_links":{"self":[{"href":"https:\/\/cormenpolska.pl\/index.php?rest_route=\/wp\/v2\/product\/2796","targetHints":{"allow":["GET"]}}],"collection":[{"href":"https:\/\/cormenpolska.pl\/index.php?rest_route=\/wp\/v2\/product"}],"about":[{"href":"https:\/\/cormenpolska.pl\/index.php?rest_route=\/wp\/v2\/types\/product"}],"replies":[{"embeddable":true,"href":"https:\/\/cormenpolska.pl\/index.php?rest_route=%2Fwp%2Fv2%2Fcomments&post=2796"}],"wp:featuredmedia":[{"embeddable":true,"href":"https:\/\/cormenpolska.pl\/index.php?rest_route=\/wp\/v2\/media\/2797"}],"wp:attachment":[{"href":"https:\/\/cormenpolska.pl\/index.php?rest_route=%2Fwp%2Fv2%2Fmedia&parent=2796"}],"wp:term":[{"taxonomy":"product_brand","embeddable":true,"href":"https:\/\/cormenpolska.pl\/index.php?rest_route=%2Fwp%2Fv2%2Fproduct_brand&post=2796"},{"taxonomy":"product_cat","embeddable":true,"href":"https:\/\/cormenpolska.pl\/index.php?rest_route=%2Fwp%2Fv2%2Fproduct_cat&post=2796"},{"taxonomy":"product_tag","embeddable":true,"href":"https:\/\/cormenpolska.pl\/index.php?rest_route=%2Fwp%2Fv2%2Fproduct_tag&post=2796"}],"curies":[{"name":"wp","href":"https:\/\/api.w.org\/{rel}","templated":true}]}}