{"id":2798,"date":"2022-10-10T10:37:56","date_gmt":"2022-10-10T10:37:56","guid":{"rendered":"https:\/\/cormenpolska.pl\/?post_type=product&#038;p=2798"},"modified":"2022-10-10T10:37:56","modified_gmt":"2022-10-10T10:37:56","slug":"czysciwo-przemyslowe-clean-soft-32cm-185mb","status":"publish","type":"product","link":"https:\/\/cormenpolska.pl\/?product=czysciwo-przemyslowe-clean-soft-32cm-185mb","title":{"rendered":"Czy\u015bciwo przemys\u0142owe Clean Soft 32cm\/185mb"},"content":{"rendered":"<p>Czy\u015bciwo przemys\u0142owe wielozadaniowe CLEAN Soft odpowiednio dobrane i skomponowane z w\u0142\u00f3kien syntetycznych, dzi\u0119ki czemu nadaje si\u0119 do zastosowania w zak\u0142adach, gdzie wymagane jest zachowanie wysokiego poziomu higieny produkcji i pracy.<\/p>\n<p>W zak\u0142adach, gdzie zwraca si\u0119 szczeg\u00f3ln\u0105 uwag\u0119 na ekonomik\u0119 i ca\u0142kowite wykorzystanie materia\u0142\u00f3w pomocniczych. Specjalna struktura powierzchni czy\u015bciwa pozwala na szybki i dok\u0142adne zbieranie, usuwanie zabrudze\u0144 pochodzenia organicznego oraz powsta\u0142ego w czasie procesu technologicznego.<\/p>\n<p>Czy\u015bciwo CLEAN SOFT wyst\u0119puje w r\u00f3\u017cnych odmianach gramatury, struktury oraz sk\u0142adu. Dobranie odpowiedniej wersji w\u0142\u00f3kna jest kluczowe dla osi\u0105gniecia za\u0142o\u017conego celu przy najmniejszych mo\u017cliwych kosztach.<\/p>\n<p>&nbsp;<\/p>\n<p><strong>Czy\u015bciwo CLEAN Soft<\/strong><br \/>\nidealnie wch\u0142ania i usuwa zabrudzenia \u2022 niskopylne \u2022 nie rysuje czyszczonej powierzchni \u2022 mi\u0119kkie \u2022 odpowiednie do czyszczenia wymagaj\u0105cego du\u017cej dok\u0142adno\u015bci i precyzji \u2022 kolor bia\u0142y \u2022 atest PZH<\/p>\n<p><strong>Zastosowanie CLEAN Soft<\/strong><br \/>\nlinie produkcyjne \u2022 miejsca pracy \u2022 narz\u0119dzia \u2022 przygotowanie detali<br \/>\nzachowanie higieny osobistej \u2022 przeznaczone do standardowych zada\u0144<\/p>\n<p><strong>Miejsce zastosowania CLEAN Soft<\/strong><br \/>\nzak\u0142ady farmaceutyczne \u2022 przemys\u0142 spo\u017cywczy \u2022 przemys\u0142 medyczny<br \/>\nprzemys\u0142 elektroniczny<\/p>\n<h3>Specyfikacja<\/h3>\n<h6>Rolka: 185mb\/ 475 odcink\u00f3w, 32x39cm<\/h6>\n<p>&nbsp;<\/p>\n","protected":false},"excerpt":{"rendered":"<p>Czy\u015bciwo przemys\u0142owe wielozadaniowe CLEAN Soft odpowiednio dobrane i skomponowane z w\u0142\u00f3kien syntetycznych, dzi\u0119ki czemu nadaje si\u0119 do zastosowania w zak\u0142adach, gdzie wymagane jest zachowanie wysokiego poziomu higieny produkcji i pracy. W zak\u0142adach, gdzie zwraca si\u0119 szczeg\u00f3ln\u0105 uwag\u0119 na ekonomik\u0119 i &hellip; <a class=\"kt-excerpt-readmore more-link\" href=\"https:\/\/cormenpolska.pl\/?product=czysciwo-przemyslowe-clean-soft-32cm-185mb\">Czytaj wi\u0119cej<\/a><\/p>\n","protected":false},"featured_media":2799,"comment_status":"closed","ping_status":"closed","template":"","meta":{"inline_featured_image":false},"product_brand":[],"product_cat":[149],"product_tag":[],"class_list":{"0":"post-2798","1":"product","2":"type-product","3":"status-publish","4":"has-post-thumbnail","6":"product_cat-czysciwa-celulozowe-i-wlokninowe","8":"first","9":"instock","10":"taxable","11":"shipping-taxable","12":"purchasable","13":"product-type-simple"},"_links":{"self":[{"href":"https:\/\/cormenpolska.pl\/index.php?rest_route=\/wp\/v2\/product\/2798","targetHints":{"allow":["GET"]}}],"collection":[{"href":"https:\/\/cormenpolska.pl\/index.php?rest_route=\/wp\/v2\/product"}],"about":[{"href":"https:\/\/cormenpolska.pl\/index.php?rest_route=\/wp\/v2\/types\/product"}],"replies":[{"embeddable":true,"href":"https:\/\/cormenpolska.pl\/index.php?rest_route=%2Fwp%2Fv2%2Fcomments&post=2798"}],"wp:featuredmedia":[{"embeddable":true,"href":"https:\/\/cormenpolska.pl\/index.php?rest_route=\/wp\/v2\/media\/2799"}],"wp:attachment":[{"href":"https:\/\/cormenpolska.pl\/index.php?rest_route=%2Fwp%2Fv2%2Fmedia&parent=2798"}],"wp:term":[{"taxonomy":"product_brand","embeddable":true,"href":"https:\/\/cormenpolska.pl\/index.php?rest_route=%2Fwp%2Fv2%2Fproduct_brand&post=2798"},{"taxonomy":"product_cat","embeddable":true,"href":"https:\/\/cormenpolska.pl\/index.php?rest_route=%2Fwp%2Fv2%2Fproduct_cat&post=2798"},{"taxonomy":"product_tag","embeddable":true,"href":"https:\/\/cormenpolska.pl\/index.php?rest_route=%2Fwp%2Fv2%2Fproduct_tag&post=2798"}],"curies":[{"name":"wp","href":"https:\/\/api.w.org\/{rel}","templated":true}]}}