{"id":2803,"date":"2022-10-10T10:57:33","date_gmt":"2022-10-10T10:57:33","guid":{"rendered":"https:\/\/cormenpolska.pl\/?post_type=product&#038;p=2803"},"modified":"2022-10-10T10:58:06","modified_gmt":"2022-10-10T10:58:06","slug":"czysciwo-wielozadaniowe-30x40-a50-biala-skladana","status":"publish","type":"product","link":"https:\/\/cormenpolska.pl\/?product=czysciwo-wielozadaniowe-30x40-a50-biala-skladana","title":{"rendered":"Czy\u015bciwo wielozadaniowe 30&#215;40 A50 BIA\u0141A SK\u0141ADANA"},"content":{"rendered":"<p>Czy\u015bciwo wielozadaniowe 30&#215;40 A50 BIA\u0141A SK\u0141ADANA.<\/p>\n<p>Zastosowanie:<\/p>\n<p>&#8211; gabinety SPA<\/p>\n<p>&#8211; salony fryzjerskie<\/p>\n<p>&#8211; Horeca<\/p>\n","protected":false},"excerpt":{"rendered":"<p>Czy\u015bciwo wielozadaniowe 30&#215;40 A50 BIA\u0141A SK\u0141ADANA. Zastosowanie: &#8211; gabinety SPA &#8211; salony fryzjerskie &#8211; Horeca<\/p>\n","protected":false},"featured_media":2804,"comment_status":"closed","ping_status":"closed","template":"","meta":{"inline_featured_image":false},"product_brand":[],"product_cat":[149],"product_tag":[],"class_list":{"0":"post-2803","1":"product","2":"type-product","3":"status-publish","4":"has-post-thumbnail","6":"product_cat-czysciwa-celulozowe-i-wlokninowe","8":"first","9":"instock","10":"taxable","11":"shipping-taxable","12":"purchasable","13":"product-type-simple"},"_links":{"self":[{"href":"https:\/\/cormenpolska.pl\/index.php?rest_route=\/wp\/v2\/product\/2803","targetHints":{"allow":["GET"]}}],"collection":[{"href":"https:\/\/cormenpolska.pl\/index.php?rest_route=\/wp\/v2\/product"}],"about":[{"href":"https:\/\/cormenpolska.pl\/index.php?rest_route=\/wp\/v2\/types\/product"}],"replies":[{"embeddable":true,"href":"https:\/\/cormenpolska.pl\/index.php?rest_route=%2Fwp%2Fv2%2Fcomments&post=2803"}],"wp:featuredmedia":[{"embeddable":true,"href":"https:\/\/cormenpolska.pl\/index.php?rest_route=\/wp\/v2\/media\/2804"}],"wp:attachment":[{"href":"https:\/\/cormenpolska.pl\/index.php?rest_route=%2Fwp%2Fv2%2Fmedia&parent=2803"}],"wp:term":[{"taxonomy":"product_brand","embeddable":true,"href":"https:\/\/cormenpolska.pl\/index.php?rest_route=%2Fwp%2Fv2%2Fproduct_brand&post=2803"},{"taxonomy":"product_cat","embeddable":true,"href":"https:\/\/cormenpolska.pl\/index.php?rest_route=%2Fwp%2Fv2%2Fproduct_cat&post=2803"},{"taxonomy":"product_tag","embeddable":true,"href":"https:\/\/cormenpolska.pl\/index.php?rest_route=%2Fwp%2Fv2%2Fproduct_tag&post=2803"}],"curies":[{"name":"wp","href":"https:\/\/api.w.org\/{rel}","templated":true}]}}