{"id":2825,"date":"2022-11-21T08:11:11","date_gmt":"2022-11-21T08:11:11","guid":{"rendered":"https:\/\/cormenpolska.pl\/?post_type=product&#038;p=2825"},"modified":"2023-03-06T17:50:27","modified_gmt":"2023-03-06T17:50:27","slug":"szczoteczka-waz-do-czyszczenia-odplywow","status":"publish","type":"product","link":"https:\/\/cormenpolska.pl\/?product=szczoteczka-waz-do-czyszczenia-odplywow","title":{"rendered":"SZCZOTECZKA W\u0104\u017b DO CZYSZCZENIA ODP\u0141YW\u00d3W"},"content":{"rendered":"<p>Szczotka w\u0105\u017c do czyszczenia odp\u0142yw\u00f3w to niezb\u0119dne akcesorium do dok\u0142adnego czyszczenia wn\u0119trza zlew\u00f3w kuchennych i \u0142azienkowych.<\/p>\n","protected":false},"excerpt":{"rendered":"<p>Szczotka w\u0105\u017c do czyszczenia odp\u0142yw\u00f3w to niezb\u0119dne akcesorium do dok\u0142adnego czyszczenia wn\u0119trza zlew\u00f3w kuchennych i \u0142azienkowych.<\/p>\n","protected":false},"featured_media":2828,"comment_status":"closed","ping_status":"closed","template":"","meta":{"inline_featured_image":false},"product_brand":[],"product_cat":[167],"product_tag":[],"class_list":{"0":"post-2825","1":"product","2":"type-product","3":"status-publish","4":"has-post-thumbnail","6":"product_cat-inne","8":"first","9":"instock","10":"taxable","11":"shipping-taxable","12":"purchasable","13":"product-type-simple"},"_links":{"self":[{"href":"https:\/\/cormenpolska.pl\/index.php?rest_route=\/wp\/v2\/product\/2825","targetHints":{"allow":["GET"]}}],"collection":[{"href":"https:\/\/cormenpolska.pl\/index.php?rest_route=\/wp\/v2\/product"}],"about":[{"href":"https:\/\/cormenpolska.pl\/index.php?rest_route=\/wp\/v2\/types\/product"}],"replies":[{"embeddable":true,"href":"https:\/\/cormenpolska.pl\/index.php?rest_route=%2Fwp%2Fv2%2Fcomments&post=2825"}],"wp:featuredmedia":[{"embeddable":true,"href":"https:\/\/cormenpolska.pl\/index.php?rest_route=\/wp\/v2\/media\/2828"}],"wp:attachment":[{"href":"https:\/\/cormenpolska.pl\/index.php?rest_route=%2Fwp%2Fv2%2Fmedia&parent=2825"}],"wp:term":[{"taxonomy":"product_brand","embeddable":true,"href":"https:\/\/cormenpolska.pl\/index.php?rest_route=%2Fwp%2Fv2%2Fproduct_brand&post=2825"},{"taxonomy":"product_cat","embeddable":true,"href":"https:\/\/cormenpolska.pl\/index.php?rest_route=%2Fwp%2Fv2%2Fproduct_cat&post=2825"},{"taxonomy":"product_tag","embeddable":true,"href":"https:\/\/cormenpolska.pl\/index.php?rest_route=%2Fwp%2Fv2%2Fproduct_tag&post=2825"}],"curies":[{"name":"wp","href":"https:\/\/api.w.org\/{rel}","templated":true}]}}