{"id":2829,"date":"2022-11-21T08:29:10","date_gmt":"2022-11-21T08:29:10","guid":{"rendered":"https:\/\/cormenpolska.pl\/?post_type=product&#038;p=2829"},"modified":"2023-03-06T17:49:47","modified_gmt":"2023-03-06T17:49:47","slug":"szczotka-do-mycia-szyb-samochodowych-wewnatrz-i-na-zewnatrz","status":"publish","type":"product","link":"https:\/\/cormenpolska.pl\/?product=szczotka-do-mycia-szyb-samochodowych-wewnatrz-i-na-zewnatrz","title":{"rendered":"SZCZOTKA DO MYCIA SZYB SAMOCHODOWYCH WEWN\u0104TRZ I NA ZEWN\u0104TRZ"},"content":{"rendered":"<p>Rozk\u0142adana szczotka do mycia szyb samochodowych. Idealnie zbiera par\u0119 oraz zanieczyszczenia z wewn\u0119trznej i zewn\u0119trznej strony szyby samochodowej. W zestawie znajduj\u0105 si\u0119 dwie nak\u0142adki.<\/p>\n","protected":false},"excerpt":{"rendered":"<p>Rozk\u0142adana szczotka do mycia szyb samochodowych. Idealnie zbiera par\u0119 oraz zanieczyszczenia z wewn\u0119trznej i zewn\u0119trznej strony szyby samochodowej. W zestawie znajduj\u0105 si\u0119 dwie nak\u0142adki.<\/p>\n","protected":false},"featured_media":2830,"comment_status":"closed","ping_status":"closed","template":"","meta":{"inline_featured_image":false},"product_brand":[],"product_cat":[167],"product_tag":[],"class_list":{"0":"post-2829","1":"product","2":"type-product","3":"status-publish","4":"has-post-thumbnail","6":"product_cat-inne","8":"first","9":"instock","10":"taxable","11":"shipping-taxable","12":"purchasable","13":"product-type-simple"},"_links":{"self":[{"href":"https:\/\/cormenpolska.pl\/index.php?rest_route=\/wp\/v2\/product\/2829","targetHints":{"allow":["GET"]}}],"collection":[{"href":"https:\/\/cormenpolska.pl\/index.php?rest_route=\/wp\/v2\/product"}],"about":[{"href":"https:\/\/cormenpolska.pl\/index.php?rest_route=\/wp\/v2\/types\/product"}],"replies":[{"embeddable":true,"href":"https:\/\/cormenpolska.pl\/index.php?rest_route=%2Fwp%2Fv2%2Fcomments&post=2829"}],"wp:featuredmedia":[{"embeddable":true,"href":"https:\/\/cormenpolska.pl\/index.php?rest_route=\/wp\/v2\/media\/2830"}],"wp:attachment":[{"href":"https:\/\/cormenpolska.pl\/index.php?rest_route=%2Fwp%2Fv2%2Fmedia&parent=2829"}],"wp:term":[{"taxonomy":"product_brand","embeddable":true,"href":"https:\/\/cormenpolska.pl\/index.php?rest_route=%2Fwp%2Fv2%2Fproduct_brand&post=2829"},{"taxonomy":"product_cat","embeddable":true,"href":"https:\/\/cormenpolska.pl\/index.php?rest_route=%2Fwp%2Fv2%2Fproduct_cat&post=2829"},{"taxonomy":"product_tag","embeddable":true,"href":"https:\/\/cormenpolska.pl\/index.php?rest_route=%2Fwp%2Fv2%2Fproduct_tag&post=2829"}],"curies":[{"name":"wp","href":"https:\/\/api.w.org\/{rel}","templated":true}]}}