{"id":2893,"date":"2023-05-16T09:50:17","date_gmt":"2023-05-16T09:50:17","guid":{"rendered":"https:\/\/cormenpolska.pl\/?post_type=product&#038;p=2893"},"modified":"2024-07-23T10:40:49","modified_gmt":"2024-07-23T10:40:49","slug":"isolda-gold-body-zel","status":"publish","type":"product","link":"https:\/\/cormenpolska.pl\/?product=isolda-gold-body-zel","title":{"rendered":"ISOLDA Gold body \u017cel 400ml"},"content":{"rendered":"<p>Luksusowy \u017cel pod prysznic dla m\u0119\u017cczyzn i kobiet tworzy bogat\u0105, kremow\u0105 pian\u0119 o subtelnym zapachu, delikatnie oczyszcza sk\u00f3r\u0119 i pozostawia j\u0105 mi\u0119kk\u0105 i elastyczn\u0105. ISOLDA Gold body soap nadaje si\u0119 do mycia ca\u0142ego cia\u0142a i r\u0105k. Mo\u017cesz umie\u015bci\u0107 go pod prysznicem lub przy umywalce za pomoc\u0105 wytrzyma\u0142ego uchwytu ze stali nierdzewnej na myd\u0142a w p\u0142ynie i balsamy.<\/p>\n","protected":false},"excerpt":{"rendered":"<p>Luksusowy \u017cel pod prysznic dla m\u0119\u017cczyzn i kobiet tworzy bogat\u0105, kremow\u0105 pian\u0119 o subtelnym zapachu, delikatnie oczyszcza sk\u00f3r\u0119 i pozostawia j\u0105 mi\u0119kk\u0105 i elastyczn\u0105. ISOLDA Gold body soap nadaje si\u0119 do mycia ca\u0142ego cia\u0142a i r\u0105k. Mo\u017cesz umie\u015bci\u0107 go pod &hellip; <a class=\"kt-excerpt-readmore more-link\" href=\"https:\/\/cormenpolska.pl\/?product=isolda-gold-body-zel\">Czytaj wi\u0119cej<\/a><\/p>\n","protected":false},"featured_media":2894,"comment_status":"closed","ping_status":"closed","template":"","meta":{"inline_featured_image":false},"product_brand":[],"product_cat":[130,132],"product_tag":[],"class_list":{"0":"post-2893","1":"product","2":"type-product","3":"status-publish","4":"has-post-thumbnail","6":"product_cat-mydla-w-plynie-higiena-rak-i-ciala","7":"product_cat-szampony-i-zele-pod-prysznic","9":"first","10":"instock","11":"taxable","12":"shipping-taxable","13":"product-type-simple"},"_links":{"self":[{"href":"https:\/\/cormenpolska.pl\/index.php?rest_route=\/wp\/v2\/product\/2893","targetHints":{"allow":["GET"]}}],"collection":[{"href":"https:\/\/cormenpolska.pl\/index.php?rest_route=\/wp\/v2\/product"}],"about":[{"href":"https:\/\/cormenpolska.pl\/index.php?rest_route=\/wp\/v2\/types\/product"}],"replies":[{"embeddable":true,"href":"https:\/\/cormenpolska.pl\/index.php?rest_route=%2Fwp%2Fv2%2Fcomments&post=2893"}],"wp:featuredmedia":[{"embeddable":true,"href":"https:\/\/cormenpolska.pl\/index.php?rest_route=\/wp\/v2\/media\/2894"}],"wp:attachment":[{"href":"https:\/\/cormenpolska.pl\/index.php?rest_route=%2Fwp%2Fv2%2Fmedia&parent=2893"}],"wp:term":[{"taxonomy":"product_brand","embeddable":true,"href":"https:\/\/cormenpolska.pl\/index.php?rest_route=%2Fwp%2Fv2%2Fproduct_brand&post=2893"},{"taxonomy":"product_cat","embeddable":true,"href":"https:\/\/cormenpolska.pl\/index.php?rest_route=%2Fwp%2Fv2%2Fproduct_cat&post=2893"},{"taxonomy":"product_tag","embeddable":true,"href":"https:\/\/cormenpolska.pl\/index.php?rest_route=%2Fwp%2Fv2%2Fproduct_tag&post=2893"}],"curies":[{"name":"wp","href":"https:\/\/api.w.org\/{rel}","templated":true}]}}