{"id":2901,"date":"2023-05-16T11:35:21","date_gmt":"2023-05-16T11:35:21","guid":{"rendered":"https:\/\/cormenpolska.pl\/?post_type=product&#038;p=2901"},"modified":"2023-05-16T11:35:21","modified_gmt":"2023-05-16T11:35:21","slug":"isolda-silver-hair-body-400ml","status":"publish","type":"product","link":"https:\/\/cormenpolska.pl\/?product=isolda-silver-hair-body-400ml","title":{"rendered":"ISOLDA Silver hair &#038; body 400ml"},"content":{"rendered":"<p>Luksusowy szampon do cia\u0142a i w\u0142os\u00f3w o zr\u00f3wnowa\u017conej recepturze i doskona\u0142ej przyswajalno\u015bci do pow\u0142oki sk\u00f3rnej. Jako\u015b\u0107 i oszcz\u0119dno\u015b\u0107 produktu gwarantuj\u0105 testy tolerancji dermatologicznej. Delikatne perfumowanie jest odpowiednie dla m\u0119\u017cczyzn i kobiet.<\/p>\n<p>Korzy\u015bci:<br \/>\ndelikatny zapach odpowiedni dla m\u0119\u017cczyzn i kobiet<br \/>\nprzyjazny dla wszystkich rodzaj\u00f3w sk\u00f3ry<br \/>\ntesty dermatologiczne<br \/>\ndostarczamy w praktycznej butelce, kt\u00f3r\u0105 mo\u017cna u\u017cy\u0107 bezpo\u015brednio lub w po\u0142\u0105czeniu z uchwytem<br \/>\nspos\u00f3b pakowania gwarantuje najwy\u017cszy standard w dziedzinie higieny i bezpiecze\u0144stwa produktu<br \/>\nprosty system wymiany \u201eclick and go\u201c.<\/p>\n<p>SOLDA Silver hair&amp;body soap nadaje si\u0119 do mycia ca\u0142ego cia\u0142a i r\u0105k. Mo\u017cesz umie\u015bci\u0107 go pod prysznicem lub przy umywalce za pomoc\u0105 wytrzyma\u0142ego uchwytu ze stali nierdzewnej na myd\u0142a w p\u0142ynie i balsamy.\u200b<\/p>\n","protected":false},"excerpt":{"rendered":"<p>Luksusowy szampon do cia\u0142a i w\u0142os\u00f3w o zr\u00f3wnowa\u017conej recepturze i doskona\u0142ej przyswajalno\u015bci do pow\u0142oki sk\u00f3rnej. Jako\u015b\u0107 i oszcz\u0119dno\u015b\u0107 produktu gwarantuj\u0105 testy tolerancji dermatologicznej. Delikatne perfumowanie jest odpowiednie dla m\u0119\u017cczyzn i kobiet. Korzy\u015bci: delikatny zapach odpowiedni dla m\u0119\u017cczyzn i kobiet przyjazny &hellip; <a class=\"kt-excerpt-readmore more-link\" href=\"https:\/\/cormenpolska.pl\/?product=isolda-silver-hair-body-400ml\">Czytaj wi\u0119cej<\/a><\/p>\n","protected":false},"featured_media":2902,"comment_status":"closed","ping_status":"closed","template":"","meta":{"inline_featured_image":false},"product_brand":[],"product_cat":[130,132],"product_tag":[],"class_list":{"0":"post-2901","1":"product","2":"type-product","3":"status-publish","4":"has-post-thumbnail","6":"product_cat-mydla-w-plynie-higiena-rak-i-ciala","7":"product_cat-szampony-i-zele-pod-prysznic","9":"first","10":"instock","11":"taxable","12":"shipping-taxable","13":"purchasable","14":"product-type-simple"},"_links":{"self":[{"href":"https:\/\/cormenpolska.pl\/index.php?rest_route=\/wp\/v2\/product\/2901","targetHints":{"allow":["GET"]}}],"collection":[{"href":"https:\/\/cormenpolska.pl\/index.php?rest_route=\/wp\/v2\/product"}],"about":[{"href":"https:\/\/cormenpolska.pl\/index.php?rest_route=\/wp\/v2\/types\/product"}],"replies":[{"embeddable":true,"href":"https:\/\/cormenpolska.pl\/index.php?rest_route=%2Fwp%2Fv2%2Fcomments&post=2901"}],"wp:featuredmedia":[{"embeddable":true,"href":"https:\/\/cormenpolska.pl\/index.php?rest_route=\/wp\/v2\/media\/2902"}],"wp:attachment":[{"href":"https:\/\/cormenpolska.pl\/index.php?rest_route=%2Fwp%2Fv2%2Fmedia&parent=2901"}],"wp:term":[{"taxonomy":"product_brand","embeddable":true,"href":"https:\/\/cormenpolska.pl\/index.php?rest_route=%2Fwp%2Fv2%2Fproduct_brand&post=2901"},{"taxonomy":"product_cat","embeddable":true,"href":"https:\/\/cormenpolska.pl\/index.php?rest_route=%2Fwp%2Fv2%2Fproduct_cat&post=2901"},{"taxonomy":"product_tag","embeddable":true,"href":"https:\/\/cormenpolska.pl\/index.php?rest_route=%2Fwp%2Fv2%2Fproduct_tag&post=2901"}],"curies":[{"name":"wp","href":"https:\/\/api.w.org\/{rel}","templated":true}]}}