{"id":2907,"date":"2023-05-16T11:48:46","date_gmt":"2023-05-16T11:48:46","guid":{"rendered":"https:\/\/cormenpolska.pl\/?post_type=product&#038;p=2907"},"modified":"2023-05-16T11:48:47","modified_gmt":"2023-05-16T11:48:47","slug":"isolda-red-orange-body-mydlo-do-ciala","status":"publish","type":"product","link":"https:\/\/cormenpolska.pl\/?product=isolda-red-orange-body-mydlo-do-ciala","title":{"rendered":"ISOLDA Red orange body myd\u0142o do cia\u0142a"},"content":{"rendered":"<p>Delikatne myd\u0142o do cia\u0142a zaskoczy Ci\u0119 wyj\u0105tkowym zapachem czerwonej pomara\u0144czy. Dzi\u0119ki dobroczynnemu dzia\u0142aniu oleju s\u0142onecznikowego pozostawia sk\u00f3r\u0119 mi\u0119kk\u0105, wyg\u0142adza j\u0105 i przywraca naturaln\u0105 r\u00f3wnowag\u0119. Pozw\u00f3l swojej sk\u00f3rze b\u0142yszcze\u0107.<\/p>\n<p>ISOLDA Red orange body soap nadaje si\u0119 do mycia ca\u0142ego cia\u0142a i r\u0105k. Mo\u017cesz umie\u015bci\u0107 go pod prysznicem lub przy umywalce za pomoc\u0105 wytrzyma\u0142ego uchwytu ze stali nierdzewnej na myd\u0142a w p\u0142ynie i balsamy.\u200b<\/p>\n","protected":false},"excerpt":{"rendered":"<p>Delikatne myd\u0142o do cia\u0142a zaskoczy Ci\u0119 wyj\u0105tkowym zapachem czerwonej pomara\u0144czy. Dzi\u0119ki dobroczynnemu dzia\u0142aniu oleju s\u0142onecznikowego pozostawia sk\u00f3r\u0119 mi\u0119kk\u0105, wyg\u0142adza j\u0105 i przywraca naturaln\u0105 r\u00f3wnowag\u0119. Pozw\u00f3l swojej sk\u00f3rze b\u0142yszcze\u0107. ISOLDA Red orange body soap nadaje si\u0119 do mycia ca\u0142ego cia\u0142a i &hellip; <a class=\"kt-excerpt-readmore more-link\" href=\"https:\/\/cormenpolska.pl\/?product=isolda-red-orange-body-mydlo-do-ciala\">Czytaj wi\u0119cej<\/a><\/p>\n","protected":false},"featured_media":2910,"comment_status":"closed","ping_status":"closed","template":"","meta":{"inline_featured_image":false},"product_brand":[],"product_cat":[130,132],"product_tag":[],"class_list":{"0":"post-2907","1":"product","2":"type-product","3":"status-publish","4":"has-post-thumbnail","6":"product_cat-mydla-w-plynie-higiena-rak-i-ciala","7":"product_cat-szampony-i-zele-pod-prysznic","9":"first","10":"instock","11":"taxable","12":"shipping-taxable","13":"purchasable","14":"product-type-simple"},"_links":{"self":[{"href":"https:\/\/cormenpolska.pl\/index.php?rest_route=\/wp\/v2\/product\/2907","targetHints":{"allow":["GET"]}}],"collection":[{"href":"https:\/\/cormenpolska.pl\/index.php?rest_route=\/wp\/v2\/product"}],"about":[{"href":"https:\/\/cormenpolska.pl\/index.php?rest_route=\/wp\/v2\/types\/product"}],"replies":[{"embeddable":true,"href":"https:\/\/cormenpolska.pl\/index.php?rest_route=%2Fwp%2Fv2%2Fcomments&post=2907"}],"wp:featuredmedia":[{"embeddable":true,"href":"https:\/\/cormenpolska.pl\/index.php?rest_route=\/wp\/v2\/media\/2910"}],"wp:attachment":[{"href":"https:\/\/cormenpolska.pl\/index.php?rest_route=%2Fwp%2Fv2%2Fmedia&parent=2907"}],"wp:term":[{"taxonomy":"product_brand","embeddable":true,"href":"https:\/\/cormenpolska.pl\/index.php?rest_route=%2Fwp%2Fv2%2Fproduct_brand&post=2907"},{"taxonomy":"product_cat","embeddable":true,"href":"https:\/\/cormenpolska.pl\/index.php?rest_route=%2Fwp%2Fv2%2Fproduct_cat&post=2907"},{"taxonomy":"product_tag","embeddable":true,"href":"https:\/\/cormenpolska.pl\/index.php?rest_route=%2Fwp%2Fv2%2Fproduct_tag&post=2907"}],"curies":[{"name":"wp","href":"https:\/\/api.w.org\/{rel}","templated":true}]}}