{"id":2911,"date":"2023-05-16T11:54:24","date_gmt":"2023-05-16T11:54:24","guid":{"rendered":"https:\/\/cormenpolska.pl\/?post_type=product&#038;p=2911"},"modified":"2023-05-16T11:54:24","modified_gmt":"2023-05-16T11:54:24","slug":"isolda-violet-energy-body-mydlo-400ml","status":"publish","type":"product","link":"https:\/\/cormenpolska.pl\/?product=isolda-violet-energy-body-mydlo-400ml","title":{"rendered":"ISOLDA Violet energy body myd\u0142o 400ml"},"content":{"rendered":"<p>\u200bDelikatne myd\u0142o wzbogacone o olej s\u0142onecznikowy pozostawia sk\u00f3r\u0119 mi\u0119kk\u0105, wyg\u0142adza j\u0105 i przywraca jej naturaln\u0105 r\u00f3wnowag\u0119. Ciesz si\u0119 swoim rytua\u0142em mycia i zamie\u0144 go w chwil\u0119 relaksu. Zapach fio\u0142kowej energii przenosi Ci\u0119 na kwitn\u0105c\u0105 wiosenn\u0105 \u0142\u0105k\u0119 i stanowi idealny restart na najbardziej wymagaj\u0105ce dni.<\/p>\n<p>ISOLDA Violet energy body soap nadaje si\u0119 do mycia ca\u0142ego cia\u0142a i r\u0105k. Mo\u017cesz umie\u015bci\u0107 go pod prysznicem lub przy umywalce za pomoc\u0105 wytrzyma\u0142ego uchwytu ze stali nierdzewnej na myd\u0142a w p\u0142ynie i balsamy.\u200b<\/p>\n","protected":false},"excerpt":{"rendered":"<p>\u200bDelikatne myd\u0142o wzbogacone o olej s\u0142onecznikowy pozostawia sk\u00f3r\u0119 mi\u0119kk\u0105, wyg\u0142adza j\u0105 i przywraca jej naturaln\u0105 r\u00f3wnowag\u0119. Ciesz si\u0119 swoim rytua\u0142em mycia i zamie\u0144 go w chwil\u0119 relaksu. Zapach fio\u0142kowej energii przenosi Ci\u0119 na kwitn\u0105c\u0105 wiosenn\u0105 \u0142\u0105k\u0119 i stanowi idealny restart &hellip; <a class=\"kt-excerpt-readmore more-link\" href=\"https:\/\/cormenpolska.pl\/?product=isolda-violet-energy-body-mydlo-400ml\">Czytaj wi\u0119cej<\/a><\/p>\n","protected":false},"featured_media":2912,"comment_status":"closed","ping_status":"closed","template":"","meta":{"inline_featured_image":false},"product_brand":[],"product_cat":[130,132],"product_tag":[],"class_list":{"0":"post-2911","1":"product","2":"type-product","3":"status-publish","4":"has-post-thumbnail","6":"product_cat-mydla-w-plynie-higiena-rak-i-ciala","7":"product_cat-szampony-i-zele-pod-prysznic","9":"first","10":"instock","11":"taxable","12":"shipping-taxable","13":"purchasable","14":"product-type-simple"},"_links":{"self":[{"href":"https:\/\/cormenpolska.pl\/index.php?rest_route=\/wp\/v2\/product\/2911","targetHints":{"allow":["GET"]}}],"collection":[{"href":"https:\/\/cormenpolska.pl\/index.php?rest_route=\/wp\/v2\/product"}],"about":[{"href":"https:\/\/cormenpolska.pl\/index.php?rest_route=\/wp\/v2\/types\/product"}],"replies":[{"embeddable":true,"href":"https:\/\/cormenpolska.pl\/index.php?rest_route=%2Fwp%2Fv2%2Fcomments&post=2911"}],"wp:featuredmedia":[{"embeddable":true,"href":"https:\/\/cormenpolska.pl\/index.php?rest_route=\/wp\/v2\/media\/2912"}],"wp:attachment":[{"href":"https:\/\/cormenpolska.pl\/index.php?rest_route=%2Fwp%2Fv2%2Fmedia&parent=2911"}],"wp:term":[{"taxonomy":"product_brand","embeddable":true,"href":"https:\/\/cormenpolska.pl\/index.php?rest_route=%2Fwp%2Fv2%2Fproduct_brand&post=2911"},{"taxonomy":"product_cat","embeddable":true,"href":"https:\/\/cormenpolska.pl\/index.php?rest_route=%2Fwp%2Fv2%2Fproduct_cat&post=2911"},{"taxonomy":"product_tag","embeddable":true,"href":"https:\/\/cormenpolska.pl\/index.php?rest_route=%2Fwp%2Fv2%2Fproduct_tag&post=2911"}],"curies":[{"name":"wp","href":"https:\/\/api.w.org\/{rel}","templated":true}]}}