{"id":3042,"date":"2024-07-23T08:42:26","date_gmt":"2024-07-23T08:42:26","guid":{"rendered":"https:\/\/cormenpolska.pl\/?post_type=product&#038;p=3042"},"modified":"2024-07-23T08:43:51","modified_gmt":"2024-07-23T08:43:51","slug":"cleamen-115-srodek-do-czyszczenia-i-polerowania-stali-nierdzewnej","status":"publish","type":"product","link":"https:\/\/cormenpolska.pl\/?product=cleamen-115-srodek-do-czyszczenia-i-polerowania-stali-nierdzewnej","title":{"rendered":"CLEAMEN 115 \u015arodek do czyszczenia i polerowania stali nierdzewnej"},"content":{"rendered":"<p>Pozostawia powierzchni\u0119 b\u0142yszcz\u0105c\u0105 i bez smug. \u015arodek odpowiedni do wszystkich powierzchni ze stali nierdzewnej w miejscach publicznych, kuchniach, pomieszczeniach sanitarnych i wellness. Jest szczeg\u00f3lnie odpowiedni do czyszczenia wind, balustrad i du\u017cych powierzchni ze stali nierdzewnej.<\/p>\n<p>Nanie\u015b\u0107 nierozcie\u0144czony \u015brodek za pomoc\u0105 butelki z rozpylaczem na \u015bciereczk\u0119 do czyszczenia lub bezpo\u015brednio na czyszczon\u0105 powierzchni\u0119. Dobrze rozprowadzi\u0107 na ca\u0142ej powierzchni, a nast\u0119pnie wypolerowa\u0107 such\u0105 szmatk\u0105. Umy\u0107 \u015brodkiem CLEAMEN 210 lub 100\/200 przed pierwszym u\u017cyciem i w przypadku silnego zabrudzenia.<\/p>\n","protected":false},"excerpt":{"rendered":"<p>Pozostawia powierzchni\u0119 b\u0142yszcz\u0105c\u0105 i bez smug. \u015arodek odpowiedni do wszystkich powierzchni ze stali nierdzewnej w miejscach publicznych, kuchniach, pomieszczeniach sanitarnych i wellness. Jest szczeg\u00f3lnie odpowiedni do czyszczenia wind, balustrad i du\u017cych powierzchni ze stali nierdzewnej. Nanie\u015b\u0107 nierozcie\u0144czony \u015brodek za pomoc\u0105 &hellip; <a class=\"kt-excerpt-readmore more-link\" href=\"https:\/\/cormenpolska.pl\/?product=cleamen-115-srodek-do-czyszczenia-i-polerowania-stali-nierdzewnej\">Czytaj wi\u0119cej<\/a><\/p>\n","protected":false},"featured_media":3045,"comment_status":"closed","ping_status":"closed","template":"","meta":{"inline_featured_image":false},"product_brand":[],"product_cat":[139,138],"product_tag":[],"class_list":{"0":"post-3042","1":"product","2":"type-product","3":"status-publish","4":"has-post-thumbnail","6":"product_cat-obszar-kuchni","7":"product_cat-obszar-ogolny","9":"first","10":"instock","11":"taxable","12":"shipping-taxable","13":"purchasable","14":"product-type-simple"},"_links":{"self":[{"href":"https:\/\/cormenpolska.pl\/index.php?rest_route=\/wp\/v2\/product\/3042","targetHints":{"allow":["GET"]}}],"collection":[{"href":"https:\/\/cormenpolska.pl\/index.php?rest_route=\/wp\/v2\/product"}],"about":[{"href":"https:\/\/cormenpolska.pl\/index.php?rest_route=\/wp\/v2\/types\/product"}],"replies":[{"embeddable":true,"href":"https:\/\/cormenpolska.pl\/index.php?rest_route=%2Fwp%2Fv2%2Fcomments&post=3042"}],"wp:featuredmedia":[{"embeddable":true,"href":"https:\/\/cormenpolska.pl\/index.php?rest_route=\/wp\/v2\/media\/3045"}],"wp:attachment":[{"href":"https:\/\/cormenpolska.pl\/index.php?rest_route=%2Fwp%2Fv2%2Fmedia&parent=3042"}],"wp:term":[{"taxonomy":"product_brand","embeddable":true,"href":"https:\/\/cormenpolska.pl\/index.php?rest_route=%2Fwp%2Fv2%2Fproduct_brand&post=3042"},{"taxonomy":"product_cat","embeddable":true,"href":"https:\/\/cormenpolska.pl\/index.php?rest_route=%2Fwp%2Fv2%2Fproduct_cat&post=3042"},{"taxonomy":"product_tag","embeddable":true,"href":"https:\/\/cormenpolska.pl\/index.php?rest_route=%2Fwp%2Fv2%2Fproduct_tag&post=3042"}],"curies":[{"name":"wp","href":"https:\/\/api.w.org\/{rel}","templated":true}]}}