{"id":3049,"date":"2024-07-23T10:44:24","date_gmt":"2024-07-23T10:44:24","guid":{"rendered":"https:\/\/cormenpolska.pl\/?post_type=product&#038;p=3049"},"modified":"2024-07-23T11:09:02","modified_gmt":"2024-07-23T11:09:02","slug":"isolda-gold-body-lotion-75-ml-hotelowka","status":"publish","type":"product","link":"https:\/\/cormenpolska.pl\/?product=isolda-gold-body-lotion-75-ml-hotelowka","title":{"rendered":"ISOLDA Gold body lotion 75 ml hotel\u00f3wka"},"content":{"rendered":"<p>Dzi\u0119ki swojej formule p\u0142ynny balsam do cia\u0142a ISOLDA Gold optymalnie nawil\u017ca sk\u00f3r\u0119, zapewnia niezb\u0119dne nawil\u017cenie i nadaje aksamitn\u0105 mi\u0119kko\u015b\u0107.<\/p>\n","protected":false},"excerpt":{"rendered":"<p>Dzi\u0119ki swojej formule p\u0142ynny balsam do cia\u0142a ISOLDA Gold optymalnie nawil\u017ca sk\u00f3r\u0119, zapewnia niezb\u0119dne nawil\u017cenie i nadaje aksamitn\u0105 mi\u0119kko\u015b\u0107.<\/p>\n","protected":false},"featured_media":3050,"comment_status":"open","ping_status":"closed","template":"","meta":{"inline_featured_image":false},"product_brand":[],"product_cat":[118,133],"product_tag":[],"class_list":{"0":"post-3049","1":"product","2":"type-product","3":"status-publish","4":"has-post-thumbnail","6":"product_cat-higiena-rak-i-ciala","7":"product_cat-mydelka-hotelowe","9":"first","10":"onbackorder","11":"taxable","12":"shipping-taxable","13":"purchasable","14":"product-type-simple"},"_links":{"self":[{"href":"https:\/\/cormenpolska.pl\/index.php?rest_route=\/wp\/v2\/product\/3049","targetHints":{"allow":["GET"]}}],"collection":[{"href":"https:\/\/cormenpolska.pl\/index.php?rest_route=\/wp\/v2\/product"}],"about":[{"href":"https:\/\/cormenpolska.pl\/index.php?rest_route=\/wp\/v2\/types\/product"}],"replies":[{"embeddable":true,"href":"https:\/\/cormenpolska.pl\/index.php?rest_route=%2Fwp%2Fv2%2Fcomments&post=3049"}],"wp:featuredmedia":[{"embeddable":true,"href":"https:\/\/cormenpolska.pl\/index.php?rest_route=\/wp\/v2\/media\/3050"}],"wp:attachment":[{"href":"https:\/\/cormenpolska.pl\/index.php?rest_route=%2Fwp%2Fv2%2Fmedia&parent=3049"}],"wp:term":[{"taxonomy":"product_brand","embeddable":true,"href":"https:\/\/cormenpolska.pl\/index.php?rest_route=%2Fwp%2Fv2%2Fproduct_brand&post=3049"},{"taxonomy":"product_cat","embeddable":true,"href":"https:\/\/cormenpolska.pl\/index.php?rest_route=%2Fwp%2Fv2%2Fproduct_cat&post=3049"},{"taxonomy":"product_tag","embeddable":true,"href":"https:\/\/cormenpolska.pl\/index.php?rest_route=%2Fwp%2Fv2%2Fproduct_tag&post=3049"}],"curies":[{"name":"wp","href":"https:\/\/api.w.org\/{rel}","templated":true}]}}