{"id":3061,"date":"2024-07-23T11:05:17","date_gmt":"2024-07-23T11:05:17","guid":{"rendered":"https:\/\/cormenpolska.pl\/?post_type=product&#038;p=3061"},"modified":"2024-07-23T11:11:00","modified_gmt":"2024-07-23T11:11:00","slug":"isolda-gold-szampon-400-ml","status":"publish","type":"product","link":"https:\/\/cormenpolska.pl\/?product=isolda-gold-szampon-400-ml","title":{"rendered":"ISOLDA Gold szampon 400 ml"},"content":{"rendered":"<p>Luksusowy szampon do w\u0142os\u00f3w o subtelnym zapachu dla kobiet i m\u0119\u017cczyzn, kt\u00f3ry pozostawia w\u0142osy mi\u0119kkie i b\u0142yszcz\u0105ce.<\/p>\n","protected":false},"excerpt":{"rendered":"<p>Luksusowy szampon do w\u0142os\u00f3w o subtelnym zapachu dla kobiet i m\u0119\u017cczyzn, kt\u00f3ry pozostawia w\u0142osy mi\u0119kkie i b\u0142yszcz\u0105ce.<\/p>\n","protected":false},"featured_media":3062,"comment_status":"open","ping_status":"closed","template":"","meta":{"inline_featured_image":false},"product_brand":[],"product_cat":[118,132],"product_tag":[],"class_list":{"0":"post-3061","1":"product","2":"type-product","3":"status-publish","4":"has-post-thumbnail","6":"product_cat-higiena-rak-i-ciala","7":"product_cat-szampony-i-zele-pod-prysznic","9":"first","10":"onbackorder","11":"taxable","12":"shipping-taxable","13":"purchasable","14":"product-type-simple"},"_links":{"self":[{"href":"https:\/\/cormenpolska.pl\/index.php?rest_route=\/wp\/v2\/product\/3061","targetHints":{"allow":["GET"]}}],"collection":[{"href":"https:\/\/cormenpolska.pl\/index.php?rest_route=\/wp\/v2\/product"}],"about":[{"href":"https:\/\/cormenpolska.pl\/index.php?rest_route=\/wp\/v2\/types\/product"}],"replies":[{"embeddable":true,"href":"https:\/\/cormenpolska.pl\/index.php?rest_route=%2Fwp%2Fv2%2Fcomments&post=3061"}],"wp:featuredmedia":[{"embeddable":true,"href":"https:\/\/cormenpolska.pl\/index.php?rest_route=\/wp\/v2\/media\/3062"}],"wp:attachment":[{"href":"https:\/\/cormenpolska.pl\/index.php?rest_route=%2Fwp%2Fv2%2Fmedia&parent=3061"}],"wp:term":[{"taxonomy":"product_brand","embeddable":true,"href":"https:\/\/cormenpolska.pl\/index.php?rest_route=%2Fwp%2Fv2%2Fproduct_brand&post=3061"},{"taxonomy":"product_cat","embeddable":true,"href":"https:\/\/cormenpolska.pl\/index.php?rest_route=%2Fwp%2Fv2%2Fproduct_cat&post=3061"},{"taxonomy":"product_tag","embeddable":true,"href":"https:\/\/cormenpolska.pl\/index.php?rest_route=%2Fwp%2Fv2%2Fproduct_tag&post=3061"}],"curies":[{"name":"wp","href":"https:\/\/api.w.org\/{rel}","templated":true}]}}