{"id":3074,"date":"2024-07-23T11:36:22","date_gmt":"2024-07-23T11:36:22","guid":{"rendered":"https:\/\/cormenpolska.pl\/?post_type=product&#038;p=3074"},"modified":"2024-07-23T11:36:22","modified_gmt":"2024-07-23T11:36:22","slug":"isolda-silver-mydlo-w-piance-5-l","status":"publish","type":"product","link":"https:\/\/cormenpolska.pl\/?product=isolda-silver-mydlo-w-piance-5-l","title":{"rendered":"ISOLDA Silver myd\u0142o w piance 5 l"},"content":{"rendered":"<p>Luksusowe myd\u0142o w piance dla kobiet i m\u0119\u017cczyzn to niezb\u0119dny element codziennej higieny.<\/p>\n","protected":false},"excerpt":{"rendered":"<p>Luksusowe myd\u0142o w piance dla kobiet i m\u0119\u017cczyzn to niezb\u0119dny element codziennej higieny.<\/p>\n","protected":false},"featured_media":3075,"comment_status":"open","ping_status":"closed","template":"","meta":{"inline_featured_image":false},"product_brand":[],"product_cat":[118,131,132],"product_tag":[],"class_list":{"0":"post-3074","1":"product","2":"type-product","3":"status-publish","4":"has-post-thumbnail","6":"product_cat-higiena-rak-i-ciala","7":"product_cat-mydla-w-pianie-higiena-rak-i-ciala","8":"product_cat-szampony-i-zele-pod-prysznic","10":"first","11":"instock","12":"taxable","13":"shipping-taxable","14":"purchasable","15":"product-type-simple"},"_links":{"self":[{"href":"https:\/\/cormenpolska.pl\/index.php?rest_route=\/wp\/v2\/product\/3074","targetHints":{"allow":["GET"]}}],"collection":[{"href":"https:\/\/cormenpolska.pl\/index.php?rest_route=\/wp\/v2\/product"}],"about":[{"href":"https:\/\/cormenpolska.pl\/index.php?rest_route=\/wp\/v2\/types\/product"}],"replies":[{"embeddable":true,"href":"https:\/\/cormenpolska.pl\/index.php?rest_route=%2Fwp%2Fv2%2Fcomments&post=3074"}],"wp:featuredmedia":[{"embeddable":true,"href":"https:\/\/cormenpolska.pl\/index.php?rest_route=\/wp\/v2\/media\/3075"}],"wp:attachment":[{"href":"https:\/\/cormenpolska.pl\/index.php?rest_route=%2Fwp%2Fv2%2Fmedia&parent=3074"}],"wp:term":[{"taxonomy":"product_brand","embeddable":true,"href":"https:\/\/cormenpolska.pl\/index.php?rest_route=%2Fwp%2Fv2%2Fproduct_brand&post=3074"},{"taxonomy":"product_cat","embeddable":true,"href":"https:\/\/cormenpolska.pl\/index.php?rest_route=%2Fwp%2Fv2%2Fproduct_cat&post=3074"},{"taxonomy":"product_tag","embeddable":true,"href":"https:\/\/cormenpolska.pl\/index.php?rest_route=%2Fwp%2Fv2%2Fproduct_tag&post=3074"}],"curies":[{"name":"wp","href":"https:\/\/api.w.org\/{rel}","templated":true}]}}