{"id":3076,"date":"2024-07-23T11:43:49","date_gmt":"2024-07-23T11:43:49","guid":{"rendered":"https:\/\/cormenpolska.pl\/?post_type=product&#038;p=3076"},"modified":"2024-07-23T11:51:47","modified_gmt":"2024-07-23T11:51:47","slug":"isolda-violet-energy-body-mydlo-w-plynie-500-ml","status":"publish","type":"product","link":"https:\/\/cormenpolska.pl\/?product=isolda-violet-energy-body-mydlo-w-plynie-500-ml","title":{"rendered":"ISOLDA Violet energy body myd\u0142o w p\u0142ynie 500 ml"},"content":{"rendered":"<p>Delikatne myd\u0142o wzbogacone o olej s\u0142onecznikowy pozostawia sk\u00f3r\u0119 mi\u0119kk\u0105, wyg\u0142adza j\u0105 i przywraca jej naturaln\u0105 r\u00f3wnowag\u0119.<\/p>\n","protected":false},"excerpt":{"rendered":"<p>Delikatne myd\u0142o wzbogacone o olej s\u0142onecznikowy pozostawia sk\u00f3r\u0119 mi\u0119kk\u0105, wyg\u0142adza j\u0105 i przywraca jej naturaln\u0105 r\u00f3wnowag\u0119.<\/p>\n","protected":false},"featured_media":3077,"comment_status":"open","ping_status":"closed","template":"","meta":{"inline_featured_image":false},"product_brand":[],"product_cat":[118,130,132],"product_tag":[],"class_list":{"0":"post-3076","1":"product","2":"type-product","3":"status-publish","4":"has-post-thumbnail","6":"product_cat-higiena-rak-i-ciala","7":"product_cat-mydla-w-plynie-higiena-rak-i-ciala","8":"product_cat-szampony-i-zele-pod-prysznic","10":"first","11":"onbackorder","12":"taxable","13":"shipping-taxable","14":"purchasable","15":"product-type-simple"},"_links":{"self":[{"href":"https:\/\/cormenpolska.pl\/index.php?rest_route=\/wp\/v2\/product\/3076","targetHints":{"allow":["GET"]}}],"collection":[{"href":"https:\/\/cormenpolska.pl\/index.php?rest_route=\/wp\/v2\/product"}],"about":[{"href":"https:\/\/cormenpolska.pl\/index.php?rest_route=\/wp\/v2\/types\/product"}],"replies":[{"embeddable":true,"href":"https:\/\/cormenpolska.pl\/index.php?rest_route=%2Fwp%2Fv2%2Fcomments&post=3076"}],"wp:featuredmedia":[{"embeddable":true,"href":"https:\/\/cormenpolska.pl\/index.php?rest_route=\/wp\/v2\/media\/3077"}],"wp:attachment":[{"href":"https:\/\/cormenpolska.pl\/index.php?rest_route=%2Fwp%2Fv2%2Fmedia&parent=3076"}],"wp:term":[{"taxonomy":"product_brand","embeddable":true,"href":"https:\/\/cormenpolska.pl\/index.php?rest_route=%2Fwp%2Fv2%2Fproduct_brand&post=3076"},{"taxonomy":"product_cat","embeddable":true,"href":"https:\/\/cormenpolska.pl\/index.php?rest_route=%2Fwp%2Fv2%2Fproduct_cat&post=3076"},{"taxonomy":"product_tag","embeddable":true,"href":"https:\/\/cormenpolska.pl\/index.php?rest_route=%2Fwp%2Fv2%2Fproduct_tag&post=3076"}],"curies":[{"name":"wp","href":"https:\/\/api.w.org\/{rel}","templated":true}]}}