{"id":3096,"date":"2024-07-24T09:26:06","date_gmt":"2024-07-24T09:26:06","guid":{"rendered":"https:\/\/cormenpolska.pl\/?post_type=product&#038;p=3096"},"modified":"2024-07-24T09:26:06","modified_gmt":"2024-07-24T09:26:06","slug":"isolda-black-cherry-body-mydlo-400-ml","status":"publish","type":"product","link":"https:\/\/cormenpolska.pl\/?product=isolda-black-cherry-body-mydlo-400-ml","title":{"rendered":"ISOLDA Black cherry body myd\u0142o 400 ml"},"content":{"rendered":"<p>Kremowe myd\u0142o do cia\u0142a w p\u0142ynie przeznaczone do mycia sk\u00f3ry wra\u017cliwej. Charakteryzuje si\u0119 wysok\u0105 pianotw\u00f3rczo\u015bci\u0105 i kremow\u0105 delikatno\u015bci\u0105, za jak\u0105 umyje i piel\u0119gnuje sk\u00f3r\u0119. Osobliwy i d\u0142ugo trwaj\u0105cy zapach czarnej czere\u015bni da nam przyjemne uczucie czysto\u015bci. Produkt jest przyjazny z punktu widzenia dermatologicznego i \u0142atwo rozpuszczalny w przyrodzie.<br \/>\nKorzy\u015bci:<br \/>\nmleczko migda\u0142owe zawieraj\u0105ce witaminy A, E, F i substancje mineralne potas, wap\u0144 i magnez<br \/>\ndelikatny zapach<br \/>\nprzyjazny w stosunku do wszystkich rodzaj\u00f3w sk\u00f3ry<br \/>\ntestowane dermatologicznie<br \/>\ndostarczamy w praktycznej butelce, kt\u00f3r\u0105 mo\u017cna u\u017cy\u0107 bezpo\u015brednio lub w po\u0142\u0105czeniu z uchwytem<br \/>\nspos\u00f3b pakowania gwarantuje najwy\u017cszy standard w obszarze higieny i bezpiecze\u0144stwa produktu<br \/>\nprosty system wymiany \u201eclick and go\u201c<\/p>\n<p>ISOLDA Black cherry body soap nadaje si\u0119 do mycia ca\u0142ego cia\u0142a i r\u0105k. Mo\u017cesz umie\u015bci\u0107 go pod prysznicem lub przy umywalce za pomoc\u0105 wytrzyma\u0142ego uchwytu ze stali nierdzewnej na myd\u0142a w p\u0142ynie i balsamy.\u200b<\/p>\n<p>Dawka pompy: 2 ml\u200b\u200b<\/p>\n","protected":false},"excerpt":{"rendered":"<p>Kremowe myd\u0142o do cia\u0142a w p\u0142ynie przeznaczone do mycia sk\u00f3ry wra\u017cliwej. Charakteryzuje si\u0119 wysok\u0105 pianotw\u00f3rczo\u015bci\u0105 i kremow\u0105 delikatno\u015bci\u0105, za jak\u0105 umyje i piel\u0119gnuje sk\u00f3r\u0119. Osobliwy i d\u0142ugo trwaj\u0105cy zapach czarnej czere\u015bni da nam przyjemne uczucie czysto\u015bci. Produkt jest przyjazny z &hellip; <a class=\"kt-excerpt-readmore more-link\" href=\"https:\/\/cormenpolska.pl\/?product=isolda-black-cherry-body-mydlo-400-ml\">Czytaj wi\u0119cej<\/a><\/p>\n","protected":false},"featured_media":3097,"comment_status":"open","ping_status":"closed","template":"","meta":{"inline_featured_image":false},"product_brand":[],"product_cat":[17],"product_tag":[],"class_list":{"0":"post-3096","1":"product","2":"type-product","3":"status-publish","4":"has-post-thumbnail","6":"product_cat-bez-kategorii","8":"first","9":"instock","10":"taxable","11":"shipping-taxable","12":"purchasable","13":"product-type-simple"},"_links":{"self":[{"href":"https:\/\/cormenpolska.pl\/index.php?rest_route=\/wp\/v2\/product\/3096","targetHints":{"allow":["GET"]}}],"collection":[{"href":"https:\/\/cormenpolska.pl\/index.php?rest_route=\/wp\/v2\/product"}],"about":[{"href":"https:\/\/cormenpolska.pl\/index.php?rest_route=\/wp\/v2\/types\/product"}],"replies":[{"embeddable":true,"href":"https:\/\/cormenpolska.pl\/index.php?rest_route=%2Fwp%2Fv2%2Fcomments&post=3096"}],"wp:featuredmedia":[{"embeddable":true,"href":"https:\/\/cormenpolska.pl\/index.php?rest_route=\/wp\/v2\/media\/3097"}],"wp:attachment":[{"href":"https:\/\/cormenpolska.pl\/index.php?rest_route=%2Fwp%2Fv2%2Fmedia&parent=3096"}],"wp:term":[{"taxonomy":"product_brand","embeddable":true,"href":"https:\/\/cormenpolska.pl\/index.php?rest_route=%2Fwp%2Fv2%2Fproduct_brand&post=3096"},{"taxonomy":"product_cat","embeddable":true,"href":"https:\/\/cormenpolska.pl\/index.php?rest_route=%2Fwp%2Fv2%2Fproduct_cat&post=3096"},{"taxonomy":"product_tag","embeddable":true,"href":"https:\/\/cormenpolska.pl\/index.php?rest_route=%2Fwp%2Fv2%2Fproduct_tag&post=3096"}],"curies":[{"name":"wp","href":"https:\/\/api.w.org\/{rel}","templated":true}]}}