{"id":3119,"date":"2024-07-24T11:10:56","date_gmt":"2024-07-24T11:10:56","guid":{"rendered":"https:\/\/cormenpolska.pl\/?post_type=product&#038;p=3119"},"modified":"2024-07-24T11:17:48","modified_gmt":"2024-07-24T11:17:48","slug":"srodek-do-czyszczenia-fug-tenzi-600-ml-szczotka-do-fug","status":"publish","type":"product","link":"https:\/\/cormenpolska.pl\/?product=srodek-do-czyszczenia-fug-tenzi-600-ml-szczotka-do-fug","title":{"rendered":"\u015arodek do czyszczenia fug Tenzi 600 ml + szczotka do fug"},"content":{"rendered":"<p>\u015arodek do czyszczenia fug TENZI 600ml + szczotka szczelinowa do fug<\/p>\n<p>Skuteczny p\u0142yn do czyszczenia fug i spoin cementowych \u015bciennych i pod\u0142ogowych we wszystkich pomieszczeniach o podwy\u017cszonej wilgotno\u015bci: pralnia, kuchnia, \u0142azienka, piwnica, strych. Likwiduje szare, ciemne i zielone naloty ple\u015bni w spoinach mi\u0119dzy kafelkami.<\/p>\n<p>Zastosowanie:<br \/>\n&#8211; do czyszczenia fug w \u0142azience<br \/>\n&#8211; do mycia fug cementowych<br \/>\n&#8211; do czyszczenia fug na tarasie<br \/>\n&#8211; do czyszczenia fug w kuchni<\/p>\n<p>Spos\u00f3b u\u017cycia:<br \/>\nPrzed u\u017cyciem sprawdzi\u0107 trwa\u0142o\u015b\u0107 barwy. Spryska\u0107 powierzchni\u0119, pozostawi\u0107 na oko\u0142o 20 minut,<br \/>\nprzeszorowa\u0107 szczoteczk\u0105, sp\u0142uka\u0107 obficie wod\u0105. Nie stosowa\u0107 na kafelkach z uszkodzon\u0105 glazur\u0105.<br \/>\nPo u\u017cyciu przewietrzy\u0107 pomieszczenie. UWAGA. Nie stosowa\u0107 z innymi produktami.<br \/>\nMo\u017ce uwalnia\u0107 niebezpieczne gazy (chlor).<br \/>\nPorada:<br \/>\nPreparat nanosimy na spoin\u0119 spryskiwaczem. po oko\u0142o 30 sekundach szorujemy szczotk\u0105, po czym sp\u0142ukujemy czyst\u0105 wod\u0105 i pozostawiamy do wyschni\u0119cia. Preparat czy\u015bci zanieczyszczenia pochodzenia organicznego. W przypadku wyst\u0105pienia silnych zabrudze\u0144 pochodzenia gnilnego na fugach silikonowych po naniesieniu preparatu nale\u017cy odczeka\u0107 oko\u0142o 20-30 minut.<\/p>\n","protected":false},"excerpt":{"rendered":"<p>\u015arodek do czyszczenia fug TENZI 600ml + szczotka szczelinowa do fug Skuteczny p\u0142yn do czyszczenia fug i spoin cementowych \u015bciennych i pod\u0142ogowych we wszystkich pomieszczeniach o podwy\u017cszonej wilgotno\u015bci: pralnia, kuchnia, \u0142azienka, piwnica, strych. Likwiduje szare, ciemne i zielone naloty ple\u015bni &hellip; <a class=\"kt-excerpt-readmore more-link\" href=\"https:\/\/cormenpolska.pl\/?product=srodek-do-czyszczenia-fug-tenzi-600-ml-szczotka-do-fug\">Czytaj wi\u0119cej<\/a><\/p>\n","protected":false},"featured_media":3122,"comment_status":"open","ping_status":"closed","template":"","meta":{"inline_featured_image":false},"product_brand":[],"product_cat":[125,117],"product_tag":[],"class_list":{"0":"post-3119","1":"product","2":"type-product","3":"status-publish","4":"has-post-thumbnail","6":"product_cat-chemia-gospodarcza","7":"product_cat-dezynfekcja-powierzchni-i-rak","9":"first","10":"instock","11":"taxable","12":"shipping-taxable","13":"purchasable","14":"product-type-simple"},"_links":{"self":[{"href":"https:\/\/cormenpolska.pl\/index.php?rest_route=\/wp\/v2\/product\/3119","targetHints":{"allow":["GET"]}}],"collection":[{"href":"https:\/\/cormenpolska.pl\/index.php?rest_route=\/wp\/v2\/product"}],"about":[{"href":"https:\/\/cormenpolska.pl\/index.php?rest_route=\/wp\/v2\/types\/product"}],"replies":[{"embeddable":true,"href":"https:\/\/cormenpolska.pl\/index.php?rest_route=%2Fwp%2Fv2%2Fcomments&post=3119"}],"wp:featuredmedia":[{"embeddable":true,"href":"https:\/\/cormenpolska.pl\/index.php?rest_route=\/wp\/v2\/media\/3122"}],"wp:attachment":[{"href":"https:\/\/cormenpolska.pl\/index.php?rest_route=%2Fwp%2Fv2%2Fmedia&parent=3119"}],"wp:term":[{"taxonomy":"product_brand","embeddable":true,"href":"https:\/\/cormenpolska.pl\/index.php?rest_route=%2Fwp%2Fv2%2Fproduct_brand&post=3119"},{"taxonomy":"product_cat","embeddable":true,"href":"https:\/\/cormenpolska.pl\/index.php?rest_route=%2Fwp%2Fv2%2Fproduct_cat&post=3119"},{"taxonomy":"product_tag","embeddable":true,"href":"https:\/\/cormenpolska.pl\/index.php?rest_route=%2Fwp%2Fv2%2Fproduct_tag&post=3119"}],"curies":[{"name":"wp","href":"https:\/\/api.w.org\/{rel}","templated":true}]}}