{"id":3123,"date":"2024-07-24T11:21:01","date_gmt":"2024-07-24T11:21:01","guid":{"rendered":"https:\/\/cormenpolska.pl\/?post_type=product&#038;p=3123"},"modified":"2024-07-24T11:21:02","modified_gmt":"2024-07-24T11:21:02","slug":"tenzi-odtluszczacz-uniwersalny-pomaranczowy-1l","status":"publish","type":"product","link":"https:\/\/cormenpolska.pl\/?product=tenzi-odtluszczacz-uniwersalny-pomaranczowy-1l","title":{"rendered":"TENZI Odt\u0142uszczacz uniwersalny pomara\u0144czowy 1L"},"content":{"rendered":"<p>Odt\u0142uszczacz pomara\u0144cza 1L<\/p>\n<p>Najnowszej generacji produkt do usuwania t\u0142uszczu i brudu o przyjemnie od\u015bwie\u017caj\u0105cym, soczystym pomara\u0144czowym zapachu i odczynie bliskim neutralnemu. Rewolucyjna formu\u0142a czy\u015bci i odt\u0142uszcza nawet najbardziej zaschni\u0119ty brud, a przy tym jest bezpieczny dla sk\u00f3ry. Sprz\u0105tanie jeszcze nigdy nie by\u0142o tak przyjemne i bezpieczne. Odt\u0142uszczacz uniwersalny doskonale sprawdza si\u0119 w kuchni, gara\u017cu, ogrodzie. Myje i usuwa brud z powierzchni twardych i tekstylnych. Produkt przebadany dermatologicznie.<\/p>\n<p>ZASTOSOWANIE<\/p>\n<p>&#8211; powierzchnie tekstylne \u2013 odplamiacz<\/p>\n<p>&#8211; wyposa\u017cenie kuchni (piekarniki, okapy, mikrofal\u00f3wki, meble kuchenne, kuchenki)<\/p>\n<p>&#8211; odt\u0142uszczacz<\/p>\n<p>SPOS\u00d3B U\u017bYCIA<\/p>\n<p>Nanie\u015b\u0107 na czyszczon\u0105 powierzchni\u0119, pozostawi\u0107 na kr\u00f3tki czas, a nast\u0119pnie wytrze\u0107 do sucha. W przypadku powierzchni maj\u0105cych kontakt z \u017cywno\u015bci\u0105 powierzchni\u0119 po umyciu sp\u0142uka\u0107 czyst\u0105 wod\u0105 pitn\u0105. Nie wymaga stosowania r\u0119kawic ochronnych.<\/p>\n","protected":false},"excerpt":{"rendered":"<p>Odt\u0142uszczacz pomara\u0144cza 1L Najnowszej generacji produkt do usuwania t\u0142uszczu i brudu o przyjemnie od\u015bwie\u017caj\u0105cym, soczystym pomara\u0144czowym zapachu i odczynie bliskim neutralnemu. Rewolucyjna formu\u0142a czy\u015bci i odt\u0142uszcza nawet najbardziej zaschni\u0119ty brud, a przy tym jest bezpieczny dla sk\u00f3ry. Sprz\u0105tanie jeszcze nigdy &hellip; <a class=\"kt-excerpt-readmore more-link\" href=\"https:\/\/cormenpolska.pl\/?product=tenzi-odtluszczacz-uniwersalny-pomaranczowy-1l\">Czytaj wi\u0119cej<\/a><\/p>\n","protected":false},"featured_media":3126,"comment_status":"open","ping_status":"closed","template":"","meta":{"inline_featured_image":false},"product_brand":[],"product_cat":[125,120,139,144],"product_tag":[],"class_list":{"0":"post-3123","1":"product","2":"type-product","3":"status-publish","4":"has-post-thumbnail","6":"product_cat-chemia-gospodarcza","7":"product_cat-chemia-profesjonalna","8":"product_cat-obszar-kuchni","9":"product_cat-obszar-kuchni-chemia-gospodarcza","11":"first","12":"instock","13":"taxable","14":"shipping-taxable","15":"purchasable","16":"product-type-simple"},"_links":{"self":[{"href":"https:\/\/cormenpolska.pl\/index.php?rest_route=\/wp\/v2\/product\/3123","targetHints":{"allow":["GET"]}}],"collection":[{"href":"https:\/\/cormenpolska.pl\/index.php?rest_route=\/wp\/v2\/product"}],"about":[{"href":"https:\/\/cormenpolska.pl\/index.php?rest_route=\/wp\/v2\/types\/product"}],"replies":[{"embeddable":true,"href":"https:\/\/cormenpolska.pl\/index.php?rest_route=%2Fwp%2Fv2%2Fcomments&post=3123"}],"wp:featuredmedia":[{"embeddable":true,"href":"https:\/\/cormenpolska.pl\/index.php?rest_route=\/wp\/v2\/media\/3126"}],"wp:attachment":[{"href":"https:\/\/cormenpolska.pl\/index.php?rest_route=%2Fwp%2Fv2%2Fmedia&parent=3123"}],"wp:term":[{"taxonomy":"product_brand","embeddable":true,"href":"https:\/\/cormenpolska.pl\/index.php?rest_route=%2Fwp%2Fv2%2Fproduct_brand&post=3123"},{"taxonomy":"product_cat","embeddable":true,"href":"https:\/\/cormenpolska.pl\/index.php?rest_route=%2Fwp%2Fv2%2Fproduct_cat&post=3123"},{"taxonomy":"product_tag","embeddable":true,"href":"https:\/\/cormenpolska.pl\/index.php?rest_route=%2Fwp%2Fv2%2Fproduct_tag&post=3123"}],"curies":[{"name":"wp","href":"https:\/\/api.w.org\/{rel}","templated":true}]}}