{"id":3140,"date":"2024-07-25T08:08:31","date_gmt":"2024-07-25T08:08:31","guid":{"rendered":"https:\/\/cormenpolska.pl\/?post_type=product&#038;p=3140"},"modified":"2024-07-25T08:08:31","modified_gmt":"2024-07-25T08:08:31","slug":"tenzi-top-grill-plyn-do-mycia-piekarnika-kominka-1l","status":"publish","type":"product","link":"https:\/\/cormenpolska.pl\/?product=tenzi-top-grill-plyn-do-mycia-piekarnika-kominka-1l","title":{"rendered":"TENZI Top Grill p\u0142yn do mycia piekarnika, kominka 1L"},"content":{"rendered":"<p>TOP GRILL \u015arodek do czyszczenia piekarnik\u00f3w, ruszt\u00f3w, piecyk\u00f3w. TOP 10 TENZI!<\/p>\n<p>Gotowy do u\u017cycia preparat do czyszczenia piecyk\u00f3w, piekarnik\u00f3w, ruszt\u00f3w, a przede wszystkim grilli; na bazie niejonowych zwi\u0105zk\u00f3w powierzchniowo czynnych. Skutecznie usuwa przypalone zanieczyszczenia, pozostawiaj\u0105c powierzchni\u0119 czyst\u0105. Bezzapachowy. Posiada atest PZH nr H\u017b\/00664\/01\/2011.<br \/>\nZastosowanie:<\/p>\n<p>Piekarniki, grille, kominki, palniki, kuchnie gazowe, elektryczne<\/p>\n<p>Spos\u00f3b u\u017cycia:<\/p>\n<p>\u2022 bez rozcie\u0144czania;<br \/>\n\u2022 nanie\u015b\u0107 na czyszczon\u0105 powierzchni\u0119 niewielk\u0105 ilo\u015b\u0107 preparatu za pomoc\u0105<br \/>\ng\u0105bki lub spryskiwacza<br \/>\n\u2022 czas dzia\u0142ania 2-5 minut;<br \/>\n\u2022 w przypadku trudnych do usuni\u0119cia zabrudze\u0144 operacj\u0119 przeprowadzi\u0107 ponownie, stosuj\u0105c g\u0105bk\u0119 z pad<br \/>\n\u2022 zmy\u0107 powierzchni\u0119 bie\u017cac\u0105 wod\u0105 pitn\u0105, pozostawi\u0107 do wyschni\u0119cia<br \/>\nUWAGA! substancja \u017craca &#8211; unika\u0107 kontaktu z twarz\u0105 i oczami<\/p>\n","protected":false},"excerpt":{"rendered":"<p>TOP GRILL \u015arodek do czyszczenia piekarnik\u00f3w, ruszt\u00f3w, piecyk\u00f3w. TOP 10 TENZI! Gotowy do u\u017cycia preparat do czyszczenia piecyk\u00f3w, piekarnik\u00f3w, ruszt\u00f3w, a przede wszystkim grilli; na bazie niejonowych zwi\u0105zk\u00f3w powierzchniowo czynnych. Skutecznie usuwa przypalone zanieczyszczenia, pozostawiaj\u0105c powierzchni\u0119 czyst\u0105. Bezzapachowy. Posiada atest &hellip; <a class=\"kt-excerpt-readmore more-link\" href=\"https:\/\/cormenpolska.pl\/?product=tenzi-top-grill-plyn-do-mycia-piekarnika-kominka-1l\">Czytaj wi\u0119cej<\/a><\/p>\n","protected":false},"featured_media":3141,"comment_status":"open","ping_status":"closed","template":"","meta":{"inline_featured_image":false},"product_brand":[],"product_cat":[125,120,139,144],"product_tag":[],"class_list":{"0":"post-3140","1":"product","2":"type-product","3":"status-publish","4":"has-post-thumbnail","6":"product_cat-chemia-gospodarcza","7":"product_cat-chemia-profesjonalna","8":"product_cat-obszar-kuchni","9":"product_cat-obszar-kuchni-chemia-gospodarcza","11":"first","12":"instock","13":"taxable","14":"shipping-taxable","15":"purchasable","16":"product-type-simple"},"_links":{"self":[{"href":"https:\/\/cormenpolska.pl\/index.php?rest_route=\/wp\/v2\/product\/3140","targetHints":{"allow":["GET"]}}],"collection":[{"href":"https:\/\/cormenpolska.pl\/index.php?rest_route=\/wp\/v2\/product"}],"about":[{"href":"https:\/\/cormenpolska.pl\/index.php?rest_route=\/wp\/v2\/types\/product"}],"replies":[{"embeddable":true,"href":"https:\/\/cormenpolska.pl\/index.php?rest_route=%2Fwp%2Fv2%2Fcomments&post=3140"}],"wp:featuredmedia":[{"embeddable":true,"href":"https:\/\/cormenpolska.pl\/index.php?rest_route=\/wp\/v2\/media\/3141"}],"wp:attachment":[{"href":"https:\/\/cormenpolska.pl\/index.php?rest_route=%2Fwp%2Fv2%2Fmedia&parent=3140"}],"wp:term":[{"taxonomy":"product_brand","embeddable":true,"href":"https:\/\/cormenpolska.pl\/index.php?rest_route=%2Fwp%2Fv2%2Fproduct_brand&post=3140"},{"taxonomy":"product_cat","embeddable":true,"href":"https:\/\/cormenpolska.pl\/index.php?rest_route=%2Fwp%2Fv2%2Fproduct_cat&post=3140"},{"taxonomy":"product_tag","embeddable":true,"href":"https:\/\/cormenpolska.pl\/index.php?rest_route=%2Fwp%2Fv2%2Fproduct_tag&post=3140"}],"curies":[{"name":"wp","href":"https:\/\/api.w.org\/{rel}","templated":true}]}}