{"id":3143,"date":"2024-07-25T08:12:44","date_gmt":"2024-07-25T08:12:44","guid":{"rendered":"https:\/\/cormenpolska.pl\/?post_type=product&#038;p=3143"},"modified":"2024-07-25T08:27:09","modified_gmt":"2024-07-25T08:27:09","slug":"tenzi-plyn-do-mycia-tv-lcd-led-monitorow-600ml","status":"publish","type":"product","link":"https:\/\/cormenpolska.pl\/?product=tenzi-plyn-do-mycia-tv-lcd-led-monitorow-600ml","title":{"rendered":"TENZI P\u0142yn do mycia TV LCD LED monitor\u00f3w 600ml"},"content":{"rendered":"<p>P\u0142yn do mycia ekran\u00f3w LCD, LED<br \/>\nDoskona\u0142y p\u0142yn do mycia powierzchni szklanych, ciek\u0142okrystalicznych i plastikowych. Zalecany do monitor\u00f3w, ekran\u00f3w plazmowych, LCD, TV, wy\u015bwietlacza, klawiatury telefonu kom\u00f3rkowego oraz pilota. Skutecznie zmywa z powierzchni g\u0142adkich i porowatych \u015blady r\u0105k, t\u0142uste plamy, naturalny brud i kurz. Pozostawia elektrostatyczn\u0105 pow\u0142ok\u0119 ograniczaj\u0105c ponowne zabrudzenia. Posiada przyjemny zapach. Przyjazny dla alergik\u00f3w, nie zawiera alkoholu.<\/p>\n<p>Zastosowanie:<br \/>\n&#8211; monitory, ekrany plazmowe, LCD, TV,<br \/>\n&#8211; wy\u015bwietlacze, klawiatury telefonu kom\u00f3rkowego, pilot.<br \/>\n&#8211; czytniki linii papilarnych<br \/>\nSpos\u00f3b u\u017cycia:<br \/>\nNanie\u015b\u0107 na powierzchni\u0119 niewielk\u0105 ilo\u015b\u0107 preparatu, rozprowadzi\u0107 a<br \/>\nnast\u0119pnie wytrze\u0107 za pomoc\u0105 mi\u0119kkiej szmatki, najlepiej z mikrofibry.<\/p>\n","protected":false},"excerpt":{"rendered":"<p>P\u0142yn do mycia ekran\u00f3w LCD, LED Doskona\u0142y p\u0142yn do mycia powierzchni szklanych, ciek\u0142okrystalicznych i plastikowych. Zalecany do monitor\u00f3w, ekran\u00f3w plazmowych, LCD, TV, wy\u015bwietlacza, klawiatury telefonu kom\u00f3rkowego oraz pilota. Skutecznie zmywa z powierzchni g\u0142adkich i porowatych \u015blady r\u0105k, t\u0142uste plamy, naturalny &hellip; <a class=\"kt-excerpt-readmore more-link\" href=\"https:\/\/cormenpolska.pl\/?product=tenzi-plyn-do-mycia-tv-lcd-led-monitorow-600ml\">Czytaj wi\u0119cej<\/a><\/p>\n","protected":false},"featured_media":3144,"comment_status":"open","ping_status":"closed","template":"","meta":{"inline_featured_image":false},"product_brand":[],"product_cat":[125,120],"product_tag":[],"class_list":{"0":"post-3143","1":"product","2":"type-product","3":"status-publish","4":"has-post-thumbnail","6":"product_cat-chemia-gospodarcza","7":"product_cat-chemia-profesjonalna","9":"first","10":"instock","11":"taxable","12":"shipping-taxable","13":"purchasable","14":"product-type-simple"},"_links":{"self":[{"href":"https:\/\/cormenpolska.pl\/index.php?rest_route=\/wp\/v2\/product\/3143","targetHints":{"allow":["GET"]}}],"collection":[{"href":"https:\/\/cormenpolska.pl\/index.php?rest_route=\/wp\/v2\/product"}],"about":[{"href":"https:\/\/cormenpolska.pl\/index.php?rest_route=\/wp\/v2\/types\/product"}],"replies":[{"embeddable":true,"href":"https:\/\/cormenpolska.pl\/index.php?rest_route=%2Fwp%2Fv2%2Fcomments&post=3143"}],"wp:featuredmedia":[{"embeddable":true,"href":"https:\/\/cormenpolska.pl\/index.php?rest_route=\/wp\/v2\/media\/3144"}],"wp:attachment":[{"href":"https:\/\/cormenpolska.pl\/index.php?rest_route=%2Fwp%2Fv2%2Fmedia&parent=3143"}],"wp:term":[{"taxonomy":"product_brand","embeddable":true,"href":"https:\/\/cormenpolska.pl\/index.php?rest_route=%2Fwp%2Fv2%2Fproduct_brand&post=3143"},{"taxonomy":"product_cat","embeddable":true,"href":"https:\/\/cormenpolska.pl\/index.php?rest_route=%2Fwp%2Fv2%2Fproduct_cat&post=3143"},{"taxonomy":"product_tag","embeddable":true,"href":"https:\/\/cormenpolska.pl\/index.php?rest_route=%2Fwp%2Fv2%2Fproduct_tag&post=3143"}],"curies":[{"name":"wp","href":"https:\/\/api.w.org\/{rel}","templated":true}]}}