{"id":3146,"date":"2024-07-25T08:39:17","date_gmt":"2024-07-25T08:39:17","guid":{"rendered":"https:\/\/cormenpolska.pl\/?post_type=product&#038;p=3146"},"modified":"2024-07-25T08:39:18","modified_gmt":"2024-07-25T08:39:18","slug":"isofa-soap-profi-mydlo-do-rak-dla-warsztatow-115g","status":"publish","type":"product","link":"https:\/\/cormenpolska.pl\/?product=isofa-soap-profi-mydlo-do-rak-dla-warsztatow-115g","title":{"rendered":"ISOFA SOAP &#8211; Profi myd\u0142o do r\u0105k dla warsztat\u00f3w 115g"},"content":{"rendered":"<p>Najbardziej korzystny dla sk\u00f3ry wariant z linii produkt\u00f3w ISOFA. Posiada doskona\u0142e w\u0142a\u015bciwo\u015bci myj\u0105ce, usuwa ci\u0119\u017ckie zabrudzenia powsta\u0142e w takich bran\u017cach jak, przemys\u0142, us\u0142ugi, itp. Myd\u0142o warsztatowe mo\u017cna zastosowa\u0107 w dowolnym dozowniku myd\u0142a w p\u0142ynie.<\/p>\n<p>Nowa receptura oparta jest na naturalnych materia\u0142ach \u015bciernych i nie zawiera barwnik\u00f3w.<\/p>\n<p>Zastosowanie:<\/p>\n<p>Na\u0142\u00f3\u017c odpowiedni\u0105 ilo\u015b\u0107 produktu na lekko zwil\u017cone d\u0142onie. Rozprowad\u017a ostro\u017cnie. Op\u0142ucz wod\u0105 i wysusz. Nast\u0119pnie, zalecamy u\u017cycie kremu Isolda rumianek z olejkiem arganowym w celu piel\u0119gnacji sk\u00f3ry r\u0105k.<\/p>\n","protected":false},"excerpt":{"rendered":"<p>Najbardziej korzystny dla sk\u00f3ry wariant z linii produkt\u00f3w ISOFA. Posiada doskona\u0142e w\u0142a\u015bciwo\u015bci myj\u0105ce, usuwa ci\u0119\u017ckie zabrudzenia powsta\u0142e w takich bran\u017cach jak, przemys\u0142, us\u0142ugi, itp. Myd\u0142o warsztatowe mo\u017cna zastosowa\u0107 w dowolnym dozowniku myd\u0142a w p\u0142ynie. Nowa receptura oparta jest na naturalnych &hellip; <a class=\"kt-excerpt-readmore more-link\" href=\"https:\/\/cormenpolska.pl\/?product=isofa-soap-profi-mydlo-do-rak-dla-warsztatow-115g\">Czytaj wi\u0119cej<\/a><\/p>\n","protected":false},"featured_media":3147,"comment_status":"open","ping_status":"closed","template":"","meta":{"inline_featured_image":false},"product_brand":[],"product_cat":[119],"product_tag":[],"class_list":{"0":"post-3146","1":"product","2":"type-product","3":"status-publish","4":"has-post-thumbnail","6":"product_cat-higiena-pracy","8":"first","9":"instock","10":"taxable","11":"shipping-taxable","12":"purchasable","13":"product-type-simple"},"_links":{"self":[{"href":"https:\/\/cormenpolska.pl\/index.php?rest_route=\/wp\/v2\/product\/3146","targetHints":{"allow":["GET"]}}],"collection":[{"href":"https:\/\/cormenpolska.pl\/index.php?rest_route=\/wp\/v2\/product"}],"about":[{"href":"https:\/\/cormenpolska.pl\/index.php?rest_route=\/wp\/v2\/types\/product"}],"replies":[{"embeddable":true,"href":"https:\/\/cormenpolska.pl\/index.php?rest_route=%2Fwp%2Fv2%2Fcomments&post=3146"}],"wp:featuredmedia":[{"embeddable":true,"href":"https:\/\/cormenpolska.pl\/index.php?rest_route=\/wp\/v2\/media\/3147"}],"wp:attachment":[{"href":"https:\/\/cormenpolska.pl\/index.php?rest_route=%2Fwp%2Fv2%2Fmedia&parent=3146"}],"wp:term":[{"taxonomy":"product_brand","embeddable":true,"href":"https:\/\/cormenpolska.pl\/index.php?rest_route=%2Fwp%2Fv2%2Fproduct_brand&post=3146"},{"taxonomy":"product_cat","embeddable":true,"href":"https:\/\/cormenpolska.pl\/index.php?rest_route=%2Fwp%2Fv2%2Fproduct_cat&post=3146"},{"taxonomy":"product_tag","embeddable":true,"href":"https:\/\/cormenpolska.pl\/index.php?rest_route=%2Fwp%2Fv2%2Fproduct_tag&post=3146"}],"curies":[{"name":"wp","href":"https:\/\/api.w.org\/{rel}","templated":true}]}}