{"id":3150,"date":"2024-07-25T08:43:07","date_gmt":"2024-07-25T08:43:07","guid":{"rendered":"https:\/\/cormenpolska.pl\/?post_type=product&#038;p=3150"},"modified":"2024-09-20T10:00:17","modified_gmt":"2024-09-20T10:00:17","slug":"isofa-pro-profi-pasta-do-mycia-rak-115-g","status":"publish","type":"product","link":"https:\/\/cormenpolska.pl\/?product=isofa-pro-profi-pasta-do-mycia-rak-115-g","title":{"rendered":"ISOFA Pro profi pasta do mycia r\u0105k 125 g"},"content":{"rendered":"<p>Skutecznie usuwa zabrudzenia, takie jak rdz\u0119, sadza, oleje, smary, grafit, osady hamulcowe i inne. Zastosowanie szczeg\u00f3lnie w przemy\u015ble samochodowym i budowlanym.<\/p>\n<p>Zastosowanie:<\/p>\n<p>Nawil\u017cy\u0107 r\u0119ce, nanie\u015b\u0107 ma\u0142\u0105 ilo\u015b\u0107 preparatu i rozciera\u0107, a\u017c do znikni\u0119cia zabrudzenia. Dobrze op\u0142uka\u0107 i wysuszy\u0107. Potem zalecamy zastosowanie jednego z krem\u00f3w serii Isolda.<\/p>\n<p>Zalety:<\/p>\n<p>delikatny i skuteczny \u015brodek bio-abrazyjny<\/p>\n<p>nie zawiera rozpuszczalnik\u00f3w<\/p>\n<p>przyjemnie perfumowana<\/p>\n","protected":false},"excerpt":{"rendered":"<p>Skutecznie usuwa zabrudzenia, takie jak rdz\u0119, sadza, oleje, smary, grafit, osady hamulcowe i inne. Zastosowanie szczeg\u00f3lnie w przemy\u015ble samochodowym i budowlanym. Zastosowanie: Nawil\u017cy\u0107 r\u0119ce, nanie\u015b\u0107 ma\u0142\u0105 ilo\u015b\u0107 preparatu i rozciera\u0107, a\u017c do znikni\u0119cia zabrudzenia. Dobrze op\u0142uka\u0107 i wysuszy\u0107. Potem zalecamy &hellip; <a class=\"kt-excerpt-readmore more-link\" href=\"https:\/\/cormenpolska.pl\/?product=isofa-pro-profi-pasta-do-mycia-rak-115-g\">Czytaj wi\u0119cej<\/a><\/p>\n","protected":false},"featured_media":3151,"comment_status":"open","ping_status":"closed","template":"","meta":{"inline_featured_image":false},"product_brand":[],"product_cat":[119],"product_tag":[],"class_list":{"0":"post-3150","1":"product","2":"type-product","3":"status-publish","4":"has-post-thumbnail","6":"product_cat-higiena-pracy","8":"first","9":"instock","10":"taxable","11":"shipping-taxable","12":"purchasable","13":"product-type-simple"},"_links":{"self":[{"href":"https:\/\/cormenpolska.pl\/index.php?rest_route=\/wp\/v2\/product\/3150","targetHints":{"allow":["GET"]}}],"collection":[{"href":"https:\/\/cormenpolska.pl\/index.php?rest_route=\/wp\/v2\/product"}],"about":[{"href":"https:\/\/cormenpolska.pl\/index.php?rest_route=\/wp\/v2\/types\/product"}],"replies":[{"embeddable":true,"href":"https:\/\/cormenpolska.pl\/index.php?rest_route=%2Fwp%2Fv2%2Fcomments&post=3150"}],"wp:featuredmedia":[{"embeddable":true,"href":"https:\/\/cormenpolska.pl\/index.php?rest_route=\/wp\/v2\/media\/3151"}],"wp:attachment":[{"href":"https:\/\/cormenpolska.pl\/index.php?rest_route=%2Fwp%2Fv2%2Fmedia&parent=3150"}],"wp:term":[{"taxonomy":"product_brand","embeddable":true,"href":"https:\/\/cormenpolska.pl\/index.php?rest_route=%2Fwp%2Fv2%2Fproduct_brand&post=3150"},{"taxonomy":"product_cat","embeddable":true,"href":"https:\/\/cormenpolska.pl\/index.php?rest_route=%2Fwp%2Fv2%2Fproduct_cat&post=3150"},{"taxonomy":"product_tag","embeddable":true,"href":"https:\/\/cormenpolska.pl\/index.php?rest_route=%2Fwp%2Fv2%2Fproduct_tag&post=3150"}],"curies":[{"name":"wp","href":"https:\/\/api.w.org\/{rel}","templated":true}]}}