{"id":3152,"date":"2024-07-25T08:45:41","date_gmt":"2024-07-25T08:45:41","guid":{"rendered":"https:\/\/cormenpolska.pl\/?post_type=product&#038;p=3152"},"modified":"2024-09-20T10:11:41","modified_gmt":"2024-09-20T10:11:41","slug":"isofa-max-profi-zel-do-mycia-rak-115-g","status":"publish","type":"product","link":"https:\/\/cormenpolska.pl\/?product=isofa-max-profi-zel-do-mycia-rak-115-g","title":{"rendered":"ISOFA Max profi \u017cel do mycia r\u0105k 150 g"},"content":{"rendered":"<p>Skutecznie usuwa niezwykle silne zabrudzenia, takie jak osady hamulcowe, asfalt, olej nap\u0119dowy, gum\u0119, smo\u0142a, cementy, atramenty, farby, lakiery i wiele innych.<\/p>\n<p>Zastosowanie:<br \/>\nNawil\u017cy\u0107 r\u0119ce, nanie\u015b\u0107 ma\u0142\u0105 ilo\u015b\u0107 preparatu i dobrze rozciera\u0107, a\u017c do chwili znikni\u0119cia zanieczyszczenia. Dobrze op\u0142uka\u0107 i wysuszy\u0107. Dobrze op\u0142uka\u0107 i wysuszy\u0107. Potem zalecamy zastosowanie jednego z krem\u00f3w serii Isolda.\u200b<\/p>\n","protected":false},"excerpt":{"rendered":"<p>Skutecznie usuwa niezwykle silne zabrudzenia, takie jak osady hamulcowe, asfalt, olej nap\u0119dowy, gum\u0119, smo\u0142a, cementy, atramenty, farby, lakiery i wiele innych. Zastosowanie: Nawil\u017cy\u0107 r\u0119ce, nanie\u015b\u0107 ma\u0142\u0105 ilo\u015b\u0107 preparatu i dobrze rozciera\u0107, a\u017c do chwili znikni\u0119cia zanieczyszczenia. Dobrze op\u0142uka\u0107 i wysuszy\u0107. &hellip; <a class=\"kt-excerpt-readmore more-link\" href=\"https:\/\/cormenpolska.pl\/?product=isofa-max-profi-zel-do-mycia-rak-115-g\">Czytaj wi\u0119cej<\/a><\/p>\n","protected":false},"featured_media":3153,"comment_status":"open","ping_status":"closed","template":"","meta":{"inline_featured_image":false},"product_brand":[],"product_cat":[119],"product_tag":[],"class_list":{"0":"post-3152","1":"product","2":"type-product","3":"status-publish","4":"has-post-thumbnail","6":"product_cat-higiena-pracy","8":"first","9":"instock","10":"taxable","11":"shipping-taxable","12":"purchasable","13":"product-type-simple"},"_links":{"self":[{"href":"https:\/\/cormenpolska.pl\/index.php?rest_route=\/wp\/v2\/product\/3152","targetHints":{"allow":["GET"]}}],"collection":[{"href":"https:\/\/cormenpolska.pl\/index.php?rest_route=\/wp\/v2\/product"}],"about":[{"href":"https:\/\/cormenpolska.pl\/index.php?rest_route=\/wp\/v2\/types\/product"}],"replies":[{"embeddable":true,"href":"https:\/\/cormenpolska.pl\/index.php?rest_route=%2Fwp%2Fv2%2Fcomments&post=3152"}],"wp:featuredmedia":[{"embeddable":true,"href":"https:\/\/cormenpolska.pl\/index.php?rest_route=\/wp\/v2\/media\/3153"}],"wp:attachment":[{"href":"https:\/\/cormenpolska.pl\/index.php?rest_route=%2Fwp%2Fv2%2Fmedia&parent=3152"}],"wp:term":[{"taxonomy":"product_brand","embeddable":true,"href":"https:\/\/cormenpolska.pl\/index.php?rest_route=%2Fwp%2Fv2%2Fproduct_brand&post=3152"},{"taxonomy":"product_cat","embeddable":true,"href":"https:\/\/cormenpolska.pl\/index.php?rest_route=%2Fwp%2Fv2%2Fproduct_cat&post=3152"},{"taxonomy":"product_tag","embeddable":true,"href":"https:\/\/cormenpolska.pl\/index.php?rest_route=%2Fwp%2Fv2%2Fproduct_tag&post=3152"}],"curies":[{"name":"wp","href":"https:\/\/api.w.org\/{rel}","templated":true}]}}