{"id":3170,"date":"2024-07-25T11:41:54","date_gmt":"2024-07-25T11:41:54","guid":{"rendered":"https:\/\/cormenpolska.pl\/?post_type=product&#038;p=3170"},"modified":"2024-08-07T10:45:58","modified_gmt":"2024-08-07T10:45:58","slug":"detailer-krwawa-felga-600ml","status":"publish","type":"product","link":"https:\/\/cormenpolska.pl\/?product=detailer-krwawa-felga-600ml","title":{"rendered":"DETAILER KRWAWA FELGA 600ml"},"content":{"rendered":"<p>KRWAWA FELGA, NEUTRALNE PH 7 &#8211; 600 ml<br \/>\nNowatorski i profesjonalny preparat do czyszczenia felg z uci\u0105\u017cliwych zabrudze\u0144 metalicznych, rdzy oraz py\u0142u z klock\u00f3w hamulcowych. Jego nazwa pochodzi od czerwonego koloru jaki uzyskuje \u015brodek w kontakcie z brudem. Dzi\u0119ki niemu \u0142atwo zobaczy\u0107, jak bardzo felga potrzebowa\u0142a czyszczenia. Produkt ma konsystencj\u0119 \u017celu i jest na tyle g\u0119sty, by wolniej sp\u0142ywa\u0107 i tym samym skuteczniej penetrowa\u0107 ca\u0142\u0105 powierzchni\u0119 felgi. Preparat mo\u017cna stosowa\u0107 do czyszczenia zar\u00f3wno felg aluminiowych, jak i chromowanych czy lakierowanych. Krwawa Felga posiada neutralne pH 7, dzi\u0119ki czemu mo\u017cna j\u0105 r\u00f3wnie\u017c stosowa\u0107 na lakier.<br \/>\nUwaga! Teraz produkt dost\u0119pny tak\u017ce w wi\u015bniowej wersji zapachowej!<\/p>\n<p>ZNAK S\u0141OWNY &#8220;KRWAWA FELGA&#8221; ZOSTA\u0141 ZASTRZE\u017bONY W URZ\u0118DZIE PATENTOWYM RP POD NUMEREM R.305712<\/p>\n<p>Spos\u00f3b u\u017cycia:<br \/>\n1. Natrysn\u0105\u0107 na zabrudzon\u0105 powierzchni\u0119 felgi \/ ko\u0142paka lub na lakier.<br \/>\n2. Odczekaj ok. 2-3 minut, a\u017c \u015brodek w pe\u0142ni zadzia\u0142a. Pierwsze oznaki czerwieni powinny pojawi\u0107 si\u0119 ju\u017c po paru chwilach od na\u0142o\u017cenia.<br \/>\n3. Sp\u0142ukaj wod\u0105 pod wysokim ci\u015bnieniem.<\/p>\n<p>FELGI ALUMINIOWE, CHROMOWANE, LAKIEROWANE<br \/>\n\u200bUSUWA RDZ\u0118 I NALOTY<br \/>\nCZAS DZIA\u0141ANIA 2 MINUTY<\/p>\n","protected":false},"excerpt":{"rendered":"<p>KRWAWA FELGA, NEUTRALNE PH 7 &#8211; 600 ml Nowatorski i profesjonalny preparat do czyszczenia felg z uci\u0105\u017cliwych zabrudze\u0144 metalicznych, rdzy oraz py\u0142u z klock\u00f3w hamulcowych. Jego nazwa pochodzi od czerwonego koloru jaki uzyskuje \u015brodek w kontakcie z brudem. Dzi\u0119ki niemu &hellip; <a class=\"kt-excerpt-readmore more-link\" href=\"https:\/\/cormenpolska.pl\/?product=detailer-krwawa-felga-600ml\">Czytaj wi\u0119cej<\/a><\/p>\n","protected":false},"featured_media":3171,"comment_status":"open","ping_status":"closed","template":"","meta":{"inline_featured_image":false},"product_brand":[],"product_cat":[172],"product_tag":[],"class_list":{"0":"post-3170","1":"product","2":"type-product","3":"status-publish","4":"has-post-thumbnail","6":"product_cat-kosmetyka-samochodowa","8":"first","9":"instock","10":"taxable","11":"shipping-taxable","12":"purchasable","13":"product-type-simple"},"_links":{"self":[{"href":"https:\/\/cormenpolska.pl\/index.php?rest_route=\/wp\/v2\/product\/3170","targetHints":{"allow":["GET"]}}],"collection":[{"href":"https:\/\/cormenpolska.pl\/index.php?rest_route=\/wp\/v2\/product"}],"about":[{"href":"https:\/\/cormenpolska.pl\/index.php?rest_route=\/wp\/v2\/types\/product"}],"replies":[{"embeddable":true,"href":"https:\/\/cormenpolska.pl\/index.php?rest_route=%2Fwp%2Fv2%2Fcomments&post=3170"}],"wp:featuredmedia":[{"embeddable":true,"href":"https:\/\/cormenpolska.pl\/index.php?rest_route=\/wp\/v2\/media\/3171"}],"wp:attachment":[{"href":"https:\/\/cormenpolska.pl\/index.php?rest_route=%2Fwp%2Fv2%2Fmedia&parent=3170"}],"wp:term":[{"taxonomy":"product_brand","embeddable":true,"href":"https:\/\/cormenpolska.pl\/index.php?rest_route=%2Fwp%2Fv2%2Fproduct_brand&post=3170"},{"taxonomy":"product_cat","embeddable":true,"href":"https:\/\/cormenpolska.pl\/index.php?rest_route=%2Fwp%2Fv2%2Fproduct_cat&post=3170"},{"taxonomy":"product_tag","embeddable":true,"href":"https:\/\/cormenpolska.pl\/index.php?rest_route=%2Fwp%2Fv2%2Fproduct_tag&post=3170"}],"curies":[{"name":"wp","href":"https:\/\/api.w.org\/{rel}","templated":true}]}}