{"id":3175,"date":"2024-07-29T07:47:29","date_gmt":"2024-07-29T07:47:29","guid":{"rendered":"https:\/\/cormenpolska.pl\/?post_type=product&#038;p=3175"},"modified":"2024-08-07T10:45:35","modified_gmt":"2024-08-07T10:45:35","slug":"detailer-opona-plastik-600ml","status":"publish","type":"product","link":"https:\/\/cormenpolska.pl\/?product=detailer-opona-plastik-600ml","title":{"rendered":"Detailer OPONA PLASTIK 600ml"},"content":{"rendered":"<p>Detailer Opona Plastik Spray 600 ml<br \/>\nNab\u0142yszczanie i zabezpieczenie opon samochodowych<\/p>\n<p>Skuteczny, bardzo wydajny i wygodny w u\u017cyciu dressing do konserwacji opon i element\u00f3w plastikowych. Intensywnie nab\u0142yszcza i zabezpiecza opony przed wp\u0142ywem czynnik\u00f3w atmosferycznych &#8211; b\u0142yskawiczny efekt &#8220;mokrej opony&#8221;. Produkt \u015bwietnie uwydatnia kolor piel\u0119gnowanej powierzchni i chroni przed ponownym osadzaniem si\u0119 zabrudze\u0144, co u\u0142atwia ich czyszczenie. Forma sprayu pozwala na stosowanie preparatu zar\u00f3wno bezpo\u015brednio na opon\u0119, jak i za po\u015brednictwem aplikatora lub szmatki. Preparat mo\u017ce by\u0107 nanoszony r\u00f3wnie\u017c na nie do ko\u0144ca wysuszone powierzchnie.<\/p>\n<p>Spos\u00f3b u\u017cycia:<br \/>\n1. Nanie\u015b\u0107 preparat na czyst\u0105 powierzchni\u0119 (bezpo\u015brednio lub przy pomocy g\u0105bki\/aplikatora).<br \/>\n2. Odczeka\u0107 do wyschni\u0119cia.<\/p>\n<p>Uwaga: Nale\u017cy unika\u0107 pokrywania preparatem bie\u017cnika opony, gdy\u017c nadaje on po\u015blizg!<\/p>\n<p>DEEP BLACK FORMULA<\/p>\n<p>NAB\u0141YSZCZA, KONSERWUJE<\/p>\n<p>UV SUPER ZABEZPIECZENIE<\/p>\n<p>PO\u0141YSK BEZ WYCIERANIA<\/p>\n","protected":false},"excerpt":{"rendered":"<p>Detailer Opona Plastik Spray 600 ml Nab\u0142yszczanie i zabezpieczenie opon samochodowych Skuteczny, bardzo wydajny i wygodny w u\u017cyciu dressing do konserwacji opon i element\u00f3w plastikowych. Intensywnie nab\u0142yszcza i zabezpiecza opony przed wp\u0142ywem czynnik\u00f3w atmosferycznych &#8211; b\u0142yskawiczny efekt &#8220;mokrej opony&#8221;. Produkt &hellip; <a class=\"kt-excerpt-readmore more-link\" href=\"https:\/\/cormenpolska.pl\/?product=detailer-opona-plastik-600ml\">Czytaj wi\u0119cej<\/a><\/p>\n","protected":false},"featured_media":3176,"comment_status":"open","ping_status":"closed","template":"","meta":{"inline_featured_image":false},"product_brand":[],"product_cat":[172],"product_tag":[],"class_list":{"0":"post-3175","1":"product","2":"type-product","3":"status-publish","4":"has-post-thumbnail","6":"product_cat-kosmetyka-samochodowa","8":"first","9":"instock","10":"taxable","11":"shipping-taxable","12":"purchasable","13":"product-type-simple"},"_links":{"self":[{"href":"https:\/\/cormenpolska.pl\/index.php?rest_route=\/wp\/v2\/product\/3175","targetHints":{"allow":["GET"]}}],"collection":[{"href":"https:\/\/cormenpolska.pl\/index.php?rest_route=\/wp\/v2\/product"}],"about":[{"href":"https:\/\/cormenpolska.pl\/index.php?rest_route=\/wp\/v2\/types\/product"}],"replies":[{"embeddable":true,"href":"https:\/\/cormenpolska.pl\/index.php?rest_route=%2Fwp%2Fv2%2Fcomments&post=3175"}],"wp:featuredmedia":[{"embeddable":true,"href":"https:\/\/cormenpolska.pl\/index.php?rest_route=\/wp\/v2\/media\/3176"}],"wp:attachment":[{"href":"https:\/\/cormenpolska.pl\/index.php?rest_route=%2Fwp%2Fv2%2Fmedia&parent=3175"}],"wp:term":[{"taxonomy":"product_brand","embeddable":true,"href":"https:\/\/cormenpolska.pl\/index.php?rest_route=%2Fwp%2Fv2%2Fproduct_brand&post=3175"},{"taxonomy":"product_cat","embeddable":true,"href":"https:\/\/cormenpolska.pl\/index.php?rest_route=%2Fwp%2Fv2%2Fproduct_cat&post=3175"},{"taxonomy":"product_tag","embeddable":true,"href":"https:\/\/cormenpolska.pl\/index.php?rest_route=%2Fwp%2Fv2%2Fproduct_tag&post=3175"}],"curies":[{"name":"wp","href":"https:\/\/api.w.org\/{rel}","templated":true}]}}