{"id":3183,"date":"2024-07-29T07:58:07","date_gmt":"2024-07-29T07:58:07","guid":{"rendered":"https:\/\/cormenpolska.pl\/?post_type=product&#038;p=3183"},"modified":"2024-08-07T10:44:48","modified_gmt":"2024-08-07T10:44:48","slug":"detailer-quartz-spray-600ml","status":"publish","type":"product","link":"https:\/\/cormenpolska.pl\/?product=detailer-quartz-spray-600ml","title":{"rendered":"Detailer QUARTZ SPRAY 600ml"},"content":{"rendered":"<p>D\u0141UGOTRWA\u0141A OCHRONA I PO\u0141YSK, NA SUCHY I MOKRY LAKIER &#8211; 600 ml<br \/>\nInnowacyjny \u015brodek stworzony w oparciu o nanotechnologi\u0119 do zabezpieczania karoserii samochodowych. Wyj\u0105tkowa formu\u0142a tego preparatu zawieraj\u0105ca cz\u0105steczki p\u0142ynnego kwarcu zapewnia d\u0142ugotrwa\u0142\u0105 ochron\u0119 i po\u0142ysk lakieru zwi\u0119kszaj\u0105c intensywno\u015b\u0107 jego barwy i zabezpieczaj\u0105c przed dzia\u0142aniem czynnik\u00f3w atmosferycznych i promieni UV. Produkt nadaje superhydrofobowy efekt na powierzchni karoserii oraz szyb auta. Mo\u017cna go stosowa\u0107 zar\u00f3wno na suchy, jak i mokry lakier. Niezwykle \u0142atwy w u\u017cyciu.<\/p>\n<p>Spos\u00f3b u\u017cycia:<br \/>\n1. Przed zastosowaniem Quartz Spray nale\u017cy dok\u0142adnie umy\u0107 karoseri\u0119 i sp\u0142uka\u0107 j\u0105 wod\u0105 zdemineralizowan\u0105, aby unikn\u0105\u0107 pozostawienia zaciek\u00f3w, kt\u00f3re potem zostan\u0105 utrwalone przez naniesion\u0105 pow\u0142ok\u0119.<br \/>\n2. Nanie\u015b\u0107 Quartz Spray bezpo\u015brednio na element karoserii.<br \/>\n3. Rozprowadzi\u0107 go kolistymi ruchami przy pomoc\u0105 mi\u0119kkiej szmatki.<br \/>\n4. Delikatnie przepolerowa\u0107 t\u0105 sam\u0105 szmatk\u0105 do uzyskania ko\u0144cowego po\u0142ysku.<br \/>\n5. Nanoszenie i polerowanie powt\u00f3rzy\u0107 na kolejnych elementach karoserii.<\/p>\n<p>NANOCERAMIC QUARTZ FORMULA<br \/>\n\u200bSUPERHYDROFOBOWY<br \/>\nSUPER PO\u0141YSK, SZYBY, KAROSERIA<\/p>\n","protected":false},"excerpt":{"rendered":"<p>D\u0141UGOTRWA\u0141A OCHRONA I PO\u0141YSK, NA SUCHY I MOKRY LAKIER &#8211; 600 ml Innowacyjny \u015brodek stworzony w oparciu o nanotechnologi\u0119 do zabezpieczania karoserii samochodowych. Wyj\u0105tkowa formu\u0142a tego preparatu zawieraj\u0105ca cz\u0105steczki p\u0142ynnego kwarcu zapewnia d\u0142ugotrwa\u0142\u0105 ochron\u0119 i po\u0142ysk lakieru zwi\u0119kszaj\u0105c intensywno\u015b\u0107 jego &hellip; <a class=\"kt-excerpt-readmore more-link\" href=\"https:\/\/cormenpolska.pl\/?product=detailer-quartz-spray-600ml\">Czytaj wi\u0119cej<\/a><\/p>\n","protected":false},"featured_media":3184,"comment_status":"open","ping_status":"closed","template":"","meta":{"inline_featured_image":false},"product_brand":[],"product_cat":[172],"product_tag":[],"class_list":{"0":"post-3183","1":"product","2":"type-product","3":"status-publish","4":"has-post-thumbnail","6":"product_cat-kosmetyka-samochodowa","8":"first","9":"instock","10":"taxable","11":"shipping-taxable","12":"purchasable","13":"product-type-simple"},"_links":{"self":[{"href":"https:\/\/cormenpolska.pl\/index.php?rest_route=\/wp\/v2\/product\/3183","targetHints":{"allow":["GET"]}}],"collection":[{"href":"https:\/\/cormenpolska.pl\/index.php?rest_route=\/wp\/v2\/product"}],"about":[{"href":"https:\/\/cormenpolska.pl\/index.php?rest_route=\/wp\/v2\/types\/product"}],"replies":[{"embeddable":true,"href":"https:\/\/cormenpolska.pl\/index.php?rest_route=%2Fwp%2Fv2%2Fcomments&post=3183"}],"wp:featuredmedia":[{"embeddable":true,"href":"https:\/\/cormenpolska.pl\/index.php?rest_route=\/wp\/v2\/media\/3184"}],"wp:attachment":[{"href":"https:\/\/cormenpolska.pl\/index.php?rest_route=%2Fwp%2Fv2%2Fmedia&parent=3183"}],"wp:term":[{"taxonomy":"product_brand","embeddable":true,"href":"https:\/\/cormenpolska.pl\/index.php?rest_route=%2Fwp%2Fv2%2Fproduct_brand&post=3183"},{"taxonomy":"product_cat","embeddable":true,"href":"https:\/\/cormenpolska.pl\/index.php?rest_route=%2Fwp%2Fv2%2Fproduct_cat&post=3183"},{"taxonomy":"product_tag","embeddable":true,"href":"https:\/\/cormenpolska.pl\/index.php?rest_route=%2Fwp%2Fv2%2Fproduct_tag&post=3183"}],"curies":[{"name":"wp","href":"https:\/\/api.w.org\/{rel}","templated":true}]}}