{"id":3193,"date":"2024-08-07T11:00:11","date_gmt":"2024-08-07T11:00:11","guid":{"rendered":"https:\/\/cormenpolska.pl\/?post_type=product&#038;p=3193"},"modified":"2024-08-07T11:06:42","modified_gmt":"2024-08-07T11:06:42","slug":"k2-evos-zawieszka-deska-zapachowa-boss","status":"publish","type":"product","link":"https:\/\/cormenpolska.pl\/?product=k2-evos-zawieszka-deska-zapachowa-boss","title":{"rendered":"K2 EVOS zawieszka deska zapachowa BOSS"},"content":{"rendered":"<p>K2 EVOS to inspirowany natur\u0105, niezwyk\u0142y, samochodowy od\u015bwie\u017cacz powietrza w formie zawieszki z litego drewna z dwustronnym grawerem. Specjalnie dobrane kompozycje zapachowe z olejkami eterycznymi, d\u0142ugotrwale urzekaj\u0105 bogactwem i g\u0142\u0119bi\u0105 zapachu.<\/p>\n<p>Kompozycja zapachowa BOSS to synonim m\u0119sko\u015bci, si\u0142y i klasycznej elegancji. Szyta na miar\u0119 Twojego auta niczym wytworny garnitur spod r\u0119ki krawieckiego mistrza. Wytworna z mocn\u0105 nut\u0105 balsamiczn\u0105 drzewa arganowego, dodatkiem r\u00f3\u017cy i paczuli. Elegancki i ponadczasowy zapach, kt\u00f3ry nigdy nie wychodzi z mody.<\/p>\n<p><strong>BOSS<\/strong><br \/>\nRodzina zapachu: DRZEWNA<br \/>\nNuta g\u0142owy: R\u00d3\u017bA<br \/>\nNuta serca: DRZEWO AGAROWE<br \/>\nNuta bazowa: PACZULA<\/p>\n","protected":false},"excerpt":{"rendered":"<p>K2 EVOS to inspirowany natur\u0105, niezwyk\u0142y, samochodowy od\u015bwie\u017cacz powietrza w formie zawieszki z litego drewna z dwustronnym grawerem. Specjalnie dobrane kompozycje zapachowe z olejkami eterycznymi, d\u0142ugotrwale urzekaj\u0105 bogactwem i g\u0142\u0119bi\u0105 zapachu. Kompozycja zapachowa BOSS to synonim m\u0119sko\u015bci, si\u0142y i klasycznej &hellip; <a class=\"kt-excerpt-readmore more-link\" href=\"https:\/\/cormenpolska.pl\/?product=k2-evos-zawieszka-deska-zapachowa-boss\">Czytaj wi\u0119cej<\/a><\/p>\n","protected":false},"featured_media":3194,"comment_status":"open","ping_status":"closed","template":"","meta":{"inline_featured_image":false},"product_brand":[],"product_cat":[173],"product_tag":[],"class_list":{"0":"post-3193","1":"product","2":"type-product","3":"status-publish","4":"has-post-thumbnail","6":"product_cat-zapachy-samochodowe","8":"first","9":"instock","10":"taxable","11":"shipping-taxable","12":"purchasable","13":"product-type-simple"},"_links":{"self":[{"href":"https:\/\/cormenpolska.pl\/index.php?rest_route=\/wp\/v2\/product\/3193","targetHints":{"allow":["GET"]}}],"collection":[{"href":"https:\/\/cormenpolska.pl\/index.php?rest_route=\/wp\/v2\/product"}],"about":[{"href":"https:\/\/cormenpolska.pl\/index.php?rest_route=\/wp\/v2\/types\/product"}],"replies":[{"embeddable":true,"href":"https:\/\/cormenpolska.pl\/index.php?rest_route=%2Fwp%2Fv2%2Fcomments&post=3193"}],"wp:featuredmedia":[{"embeddable":true,"href":"https:\/\/cormenpolska.pl\/index.php?rest_route=\/wp\/v2\/media\/3194"}],"wp:attachment":[{"href":"https:\/\/cormenpolska.pl\/index.php?rest_route=%2Fwp%2Fv2%2Fmedia&parent=3193"}],"wp:term":[{"taxonomy":"product_brand","embeddable":true,"href":"https:\/\/cormenpolska.pl\/index.php?rest_route=%2Fwp%2Fv2%2Fproduct_brand&post=3193"},{"taxonomy":"product_cat","embeddable":true,"href":"https:\/\/cormenpolska.pl\/index.php?rest_route=%2Fwp%2Fv2%2Fproduct_cat&post=3193"},{"taxonomy":"product_tag","embeddable":true,"href":"https:\/\/cormenpolska.pl\/index.php?rest_route=%2Fwp%2Fv2%2Fproduct_tag&post=3193"}],"curies":[{"name":"wp","href":"https:\/\/api.w.org\/{rel}","templated":true}]}}