{"id":3196,"date":"2024-08-07T11:10:07","date_gmt":"2024-08-07T11:10:07","guid":{"rendered":"https:\/\/cormenpolska.pl\/?post_type=product&#038;p=3196"},"modified":"2024-08-07T11:12:05","modified_gmt":"2024-08-07T11:12:05","slug":"k2-evos-zawieszka-deska-zapachowa-unicorn","status":"publish","type":"product","link":"https:\/\/cormenpolska.pl\/?product=k2-evos-zawieszka-deska-zapachowa-unicorn","title":{"rendered":"K2 EVOS zawieszka deska zapachowa UNICORN"},"content":{"rendered":"<p>K2 EVOS to inspirowany natur\u0105, niezwyk\u0142y, samochodowy od\u015bwie\u017cacz powietrza w formie zawieszki z litego drewna z dwustronnym grawerem. Specjalnie dobrane kompozycje zapachowe z olejkami eterycznymi, d\u0142ugotrwale urzekaj\u0105 bogactwem i g\u0142\u0119bi\u0105 zapachu.<\/p>\n<p>Synonim sukcesu \u2013 UNICORN. Magiczna, owocowo-cytrusowa kompozycja zapachowa do kt\u00f3rej wrota otwiera s\u0142odka brzoskwinia, a do wn\u0119trza zaprasza hawajski kwiat plumerii pachn\u0105cy wanili\u0105 i pobudzaj\u0105c\u0105 cytryn\u0105. Na samy ko\u0144cu otaczaj\u0105c ciep\u0142em drzewa sanda\u0142owego. Zapach, kt\u00f3rego wra\u017cenie pozostaje w g\u0142owie na d\u0142ugo.<\/p>\n<p><strong>UNICORN<\/strong><br \/>\nRodzina zapachu: OWOCOWO \/ CYTRUSOWA<br \/>\nNuta g\u0142owy: BRZOSKWINIA<br \/>\nNuta serca: KWIAT PLUMERII<br \/>\nNuta bazowa: DRZEWO SANDA\u0141OWE<\/p>\n<p>&nbsp;<\/p>\n","protected":false},"excerpt":{"rendered":"<p>K2 EVOS to inspirowany natur\u0105, niezwyk\u0142y, samochodowy od\u015bwie\u017cacz powietrza w formie zawieszki z litego drewna z dwustronnym grawerem. Specjalnie dobrane kompozycje zapachowe z olejkami eterycznymi, d\u0142ugotrwale urzekaj\u0105 bogactwem i g\u0142\u0119bi\u0105 zapachu. Synonim sukcesu \u2013 UNICORN. Magiczna, owocowo-cytrusowa kompozycja zapachowa do &hellip; <a class=\"kt-excerpt-readmore more-link\" href=\"https:\/\/cormenpolska.pl\/?product=k2-evos-zawieszka-deska-zapachowa-unicorn\">Czytaj wi\u0119cej<\/a><\/p>\n","protected":false},"featured_media":3197,"comment_status":"open","ping_status":"closed","template":"","meta":{"inline_featured_image":false},"product_brand":[],"product_cat":[173],"product_tag":[],"class_list":{"0":"post-3196","1":"product","2":"type-product","3":"status-publish","4":"has-post-thumbnail","6":"product_cat-zapachy-samochodowe","8":"first","9":"instock","10":"taxable","11":"shipping-taxable","12":"purchasable","13":"product-type-simple"},"_links":{"self":[{"href":"https:\/\/cormenpolska.pl\/index.php?rest_route=\/wp\/v2\/product\/3196","targetHints":{"allow":["GET"]}}],"collection":[{"href":"https:\/\/cormenpolska.pl\/index.php?rest_route=\/wp\/v2\/product"}],"about":[{"href":"https:\/\/cormenpolska.pl\/index.php?rest_route=\/wp\/v2\/types\/product"}],"replies":[{"embeddable":true,"href":"https:\/\/cormenpolska.pl\/index.php?rest_route=%2Fwp%2Fv2%2Fcomments&post=3196"}],"wp:featuredmedia":[{"embeddable":true,"href":"https:\/\/cormenpolska.pl\/index.php?rest_route=\/wp\/v2\/media\/3197"}],"wp:attachment":[{"href":"https:\/\/cormenpolska.pl\/index.php?rest_route=%2Fwp%2Fv2%2Fmedia&parent=3196"}],"wp:term":[{"taxonomy":"product_brand","embeddable":true,"href":"https:\/\/cormenpolska.pl\/index.php?rest_route=%2Fwp%2Fv2%2Fproduct_brand&post=3196"},{"taxonomy":"product_cat","embeddable":true,"href":"https:\/\/cormenpolska.pl\/index.php?rest_route=%2Fwp%2Fv2%2Fproduct_cat&post=3196"},{"taxonomy":"product_tag","embeddable":true,"href":"https:\/\/cormenpolska.pl\/index.php?rest_route=%2Fwp%2Fv2%2Fproduct_tag&post=3196"}],"curies":[{"name":"wp","href":"https:\/\/api.w.org\/{rel}","templated":true}]}}