{"id":3200,"date":"2024-08-07T11:20:00","date_gmt":"2024-08-07T11:20:00","guid":{"rendered":"https:\/\/cormenpolska.pl\/?post_type=product&#038;p=3200"},"modified":"2024-08-07T12:03:07","modified_gmt":"2024-08-07T12:03:07","slug":"k2-evos-zawieszka-deska-zapachowa-hunter","status":"publish","type":"product","link":"https:\/\/cormenpolska.pl\/?product=k2-evos-zawieszka-deska-zapachowa-hunter","title":{"rendered":"K2 EVOS zawieszka deska zapachowa HUNTER"},"content":{"rendered":"<p>K2 EVOS to inspirowany natur\u0105, niezwyk\u0142y, samochodowy od\u015bwie\u017cacz powietrza w formie zawieszki z litego drewna z dwustronnym grawerem. Specjalnie dobrane kompozycje zapachowe z olejkami eterycznymi, d\u0142ugotrwale urzekaj\u0105 bogactwem i g\u0142\u0119bi\u0105 zapachu.<\/p>\n<p>K2 EVOS HUNTER &#8211; wyostrzy wszystkie Twoje zmys\u0142y. To najbardziej wyj\u0105tkowa i tajemnicza kompozycja z ca\u0142ej gamy zapach\u00f3w Evos. St\u0105paj\u0105c \u015bcie\u017ck\u0105 drapie\u017cnika, po wilgotnym i mi\u0119kkim le\u015bnym mchu, odkrywasz powoli rze\u015bk\u0105 bergamotk\u0119, a niezwyk\u0142a cytrusowa nuta geranium dodaje Ci pazura. B\u0105d\u017a zawsze gotowy do drogi i obud\u017a w sobie ukryte instynkty. Kr\u00f3l polowania jest tylko jeden &#8211; TY.<\/p>\n<p><strong>HUNTER<\/strong><br \/>\nRodzina zapachu: PAPROCIOWA<br \/>\nNuta g\u0142owy: BERGAMOTKA<br \/>\nNuta serca: GERANIUM<br \/>\nNuta bazowa: MECH<\/p>\n","protected":false},"excerpt":{"rendered":"<p>K2 EVOS to inspirowany natur\u0105, niezwyk\u0142y, samochodowy od\u015bwie\u017cacz powietrza w formie zawieszki z litego drewna z dwustronnym grawerem. Specjalnie dobrane kompozycje zapachowe z olejkami eterycznymi, d\u0142ugotrwale urzekaj\u0105 bogactwem i g\u0142\u0119bi\u0105 zapachu. K2 EVOS HUNTER &#8211; wyostrzy wszystkie Twoje zmys\u0142y. To &hellip; <a class=\"kt-excerpt-readmore more-link\" href=\"https:\/\/cormenpolska.pl\/?product=k2-evos-zawieszka-deska-zapachowa-hunter\">Czytaj wi\u0119cej<\/a><\/p>\n","protected":false},"featured_media":3218,"comment_status":"open","ping_status":"closed","template":"","meta":{"inline_featured_image":false},"product_brand":[],"product_cat":[173],"product_tag":[],"class_list":{"0":"post-3200","1":"product","2":"type-product","3":"status-publish","4":"has-post-thumbnail","6":"product_cat-zapachy-samochodowe","8":"first","9":"instock","10":"taxable","11":"shipping-taxable","12":"purchasable","13":"product-type-simple"},"_links":{"self":[{"href":"https:\/\/cormenpolska.pl\/index.php?rest_route=\/wp\/v2\/product\/3200","targetHints":{"allow":["GET"]}}],"collection":[{"href":"https:\/\/cormenpolska.pl\/index.php?rest_route=\/wp\/v2\/product"}],"about":[{"href":"https:\/\/cormenpolska.pl\/index.php?rest_route=\/wp\/v2\/types\/product"}],"replies":[{"embeddable":true,"href":"https:\/\/cormenpolska.pl\/index.php?rest_route=%2Fwp%2Fv2%2Fcomments&post=3200"}],"wp:featuredmedia":[{"embeddable":true,"href":"https:\/\/cormenpolska.pl\/index.php?rest_route=\/wp\/v2\/media\/3218"}],"wp:attachment":[{"href":"https:\/\/cormenpolska.pl\/index.php?rest_route=%2Fwp%2Fv2%2Fmedia&parent=3200"}],"wp:term":[{"taxonomy":"product_brand","embeddable":true,"href":"https:\/\/cormenpolska.pl\/index.php?rest_route=%2Fwp%2Fv2%2Fproduct_brand&post=3200"},{"taxonomy":"product_cat","embeddable":true,"href":"https:\/\/cormenpolska.pl\/index.php?rest_route=%2Fwp%2Fv2%2Fproduct_cat&post=3200"},{"taxonomy":"product_tag","embeddable":true,"href":"https:\/\/cormenpolska.pl\/index.php?rest_route=%2Fwp%2Fv2%2Fproduct_tag&post=3200"}],"curies":[{"name":"wp","href":"https:\/\/api.w.org\/{rel}","templated":true}]}}