{"id":3206,"date":"2024-08-07T11:47:35","date_gmt":"2024-08-07T11:47:35","guid":{"rendered":"https:\/\/cormenpolska.pl\/?post_type=product&#038;p=3206"},"modified":"2024-08-07T11:47:35","modified_gmt":"2024-08-07T11:47:35","slug":"k2-evos-hunter-perfumy-50ml","status":"publish","type":"product","link":"https:\/\/cormenpolska.pl\/?product=k2-evos-hunter-perfumy-50ml","title":{"rendered":"K2 EVOS HUNTER PERFUMY 50ml"},"content":{"rendered":"<p>Perfumy do samochodu K2 EVOS to inspirowana natur\u0105, niezwyk\u0142a kompozycja wyj\u0105tkowych nut zapachowych, zaprojektowana z my\u015bl\u0105 o wn\u0119trzach nowoczesnych aut.<\/p>\n<p>Rozpylony we wn\u0119trzu aromat EVOS nadaje mu elegancji i wytworno\u015bci, podnosi komfort przebywania w nim. Jazda samochodem staje si\u0119 przyjemno\u015bci\u0105, wytchnieniem i ucieczk\u0105 do wykwintnego \u015bwiata luksusu. Specjalnie dobrane kompozycje zapachowe z olejkami eterycznymi, urzekaj\u0105 bogactwem i g\u0142\u0119bi\u0105 zapachu.<\/p>\n<p>Luksusowy zapach do samochodu EVOS zamkni\u0119ty jest w stylowym szklanym flakonie z drewnianym korkiem. Liczne zdobienia i detale czyni\u0105 z niego idealnego kandydata na prezent dla ka\u017cdego, nawet najbardziej wyrafinowanego mi\u0142o\u015bnika motoryzacji.<\/p>\n<p>Perfumy samochodowe EVOS s\u0105 doskona\u0142ym sposobem na przed\u0142u\u017cenie \u017cywotno\u015bci drewnianej zawieszki zapachowej K2 Evos. Spryskana nimi zawieszka ponownie nape\u0142nia si\u0119 szlachetnym aromatem, kt\u00f3ry stopniowo uwalniany jest do wn\u0119trza auta.<\/p>\n<p>Pojemno\u015b\u0107: 50ml<br \/>\nRodzina zapachu: PAPROCIOWA<br \/>\nNuta g\u0142owy: BERGAMOTKA<br \/>\nNuta serca: GERANIUM<br \/>\nNuta bazowa: MECH<\/p>\n","protected":false},"excerpt":{"rendered":"<p>Perfumy do samochodu K2 EVOS to inspirowana natur\u0105, niezwyk\u0142a kompozycja wyj\u0105tkowych nut zapachowych, zaprojektowana z my\u015bl\u0105 o wn\u0119trzach nowoczesnych aut. Rozpylony we wn\u0119trzu aromat EVOS nadaje mu elegancji i wytworno\u015bci, podnosi komfort przebywania w nim. Jazda samochodem staje si\u0119 przyjemno\u015bci\u0105, &hellip; <a class=\"kt-excerpt-readmore more-link\" href=\"https:\/\/cormenpolska.pl\/?product=k2-evos-hunter-perfumy-50ml\">Czytaj wi\u0119cej<\/a><\/p>\n","protected":false},"featured_media":3207,"comment_status":"open","ping_status":"closed","template":"","meta":{"inline_featured_image":false},"product_brand":[],"product_cat":[173],"product_tag":[],"class_list":{"0":"post-3206","1":"product","2":"type-product","3":"status-publish","4":"has-post-thumbnail","6":"product_cat-zapachy-samochodowe","8":"first","9":"instock","10":"taxable","11":"shipping-taxable","12":"purchasable","13":"product-type-simple"},"_links":{"self":[{"href":"https:\/\/cormenpolska.pl\/index.php?rest_route=\/wp\/v2\/product\/3206","targetHints":{"allow":["GET"]}}],"collection":[{"href":"https:\/\/cormenpolska.pl\/index.php?rest_route=\/wp\/v2\/product"}],"about":[{"href":"https:\/\/cormenpolska.pl\/index.php?rest_route=\/wp\/v2\/types\/product"}],"replies":[{"embeddable":true,"href":"https:\/\/cormenpolska.pl\/index.php?rest_route=%2Fwp%2Fv2%2Fcomments&post=3206"}],"wp:featuredmedia":[{"embeddable":true,"href":"https:\/\/cormenpolska.pl\/index.php?rest_route=\/wp\/v2\/media\/3207"}],"wp:attachment":[{"href":"https:\/\/cormenpolska.pl\/index.php?rest_route=%2Fwp%2Fv2%2Fmedia&parent=3206"}],"wp:term":[{"taxonomy":"product_brand","embeddable":true,"href":"https:\/\/cormenpolska.pl\/index.php?rest_route=%2Fwp%2Fv2%2Fproduct_brand&post=3206"},{"taxonomy":"product_cat","embeddable":true,"href":"https:\/\/cormenpolska.pl\/index.php?rest_route=%2Fwp%2Fv2%2Fproduct_cat&post=3206"},{"taxonomy":"product_tag","embeddable":true,"href":"https:\/\/cormenpolska.pl\/index.php?rest_route=%2Fwp%2Fv2%2Fproduct_tag&post=3206"}],"curies":[{"name":"wp","href":"https:\/\/api.w.org\/{rel}","templated":true}]}}