{"id":504,"date":"2022-04-25T15:46:37","date_gmt":"2022-04-25T15:46:37","guid":{"rendered":"https:\/\/cormenpolska.pl\/?post_type=product&#038;p=504"},"modified":"2025-02-26T14:35:01","modified_gmt":"2025-02-26T14:35:01","slug":"isolda-nagietek-z-olejem-lnianym-krem-gojacy-100-ml","status":"publish","type":"product","link":"https:\/\/cormenpolska.pl\/?product=isolda-nagietek-z-olejem-lnianym-krem-gojacy-100-ml","title":{"rendered":"ISOLDA NAGIETEK z olejem lnianym 100 ml"},"content":{"rendered":"<p>Bardzo przyjemny krem, kt\u00f3ry przy regularnym stosowaniu \u0142agodzi i zmi\u0119kcza sk\u00f3r\u0119 d\u0142oni, wp\u0142yw na to, ma olejek lniany oraz ekstrakt z nagietka lekarskiego. Dzi\u0119ki tym tradycyjnym substancjom krem cieszy si\u0119 du\u017c\u0105 popularno\u015bci\u0105. Nie jest przeznaczony do nanoszenia na otwarte rany, ale mo\u017ce by\u0107 z powodzeniem stosowany na podra\u017cnion\u0105 sk\u00f3r\u0119. Krem szybko si\u0119 wch\u0142ania i nie pozostawia uczucia t\u0142ustych r\u0105k. Pojemno\u015b\u0107: 100ml<\/p>\n","protected":false},"excerpt":{"rendered":"<p>Bardzo przyjemny krem, kt\u00f3ry przy regularnym stosowaniu \u0142agodzi i zmi\u0119kcza sk\u00f3r\u0119 d\u0142oni, wp\u0142yw na to, ma olejek lniany oraz ekstrakt z nagietka lekarskiego. Dzi\u0119ki tym tradycyjnym substancjom krem cieszy si\u0119 du\u017c\u0105 popularno\u015bci\u0105. Nie jest przeznaczony do nanoszenia na otwarte rany, &hellip; <a class=\"kt-excerpt-readmore more-link\" href=\"https:\/\/cormenpolska.pl\/?product=isolda-nagietek-z-olejem-lnianym-krem-gojacy-100-ml\">Czytaj wi\u0119cej<\/a><\/p>\n","protected":false},"featured_media":508,"comment_status":"closed","ping_status":"closed","template":"","meta":{"inline_featured_image":false},"product_brand":[],"product_cat":[134,137],"product_tag":[],"class_list":{"0":"post-504","1":"product","2":"type-product","3":"status-publish","4":"has-post-thumbnail","6":"product_cat-kremy-do-rak-higiena-rak-i-ciala","7":"product_cat-kremy-do-rak-higiena-pracy","9":"first","10":"instock","11":"taxable","12":"shipping-taxable","13":"purchasable","14":"product-type-simple"},"_links":{"self":[{"href":"https:\/\/cormenpolska.pl\/index.php?rest_route=\/wp\/v2\/product\/504","targetHints":{"allow":["GET"]}}],"collection":[{"href":"https:\/\/cormenpolska.pl\/index.php?rest_route=\/wp\/v2\/product"}],"about":[{"href":"https:\/\/cormenpolska.pl\/index.php?rest_route=\/wp\/v2\/types\/product"}],"replies":[{"embeddable":true,"href":"https:\/\/cormenpolska.pl\/index.php?rest_route=%2Fwp%2Fv2%2Fcomments&post=504"}],"wp:featuredmedia":[{"embeddable":true,"href":"https:\/\/cormenpolska.pl\/index.php?rest_route=\/wp\/v2\/media\/508"}],"wp:attachment":[{"href":"https:\/\/cormenpolska.pl\/index.php?rest_route=%2Fwp%2Fv2%2Fmedia&parent=504"}],"wp:term":[{"taxonomy":"product_brand","embeddable":true,"href":"https:\/\/cormenpolska.pl\/index.php?rest_route=%2Fwp%2Fv2%2Fproduct_brand&post=504"},{"taxonomy":"product_cat","embeddable":true,"href":"https:\/\/cormenpolska.pl\/index.php?rest_route=%2Fwp%2Fv2%2Fproduct_cat&post=504"},{"taxonomy":"product_tag","embeddable":true,"href":"https:\/\/cormenpolska.pl\/index.php?rest_route=%2Fwp%2Fv2%2Fproduct_tag&post=504"}],"curies":[{"name":"wp","href":"https:\/\/api.w.org\/{rel}","templated":true}]}}